{"id":4375,"date":"2018-03-24T11:01:43","date_gmt":"2018-03-24T10:01:43","guid":{"rendered":"https:\/\/www.canelisa.com\/uber-uns\/"},"modified":"2019-11-22T10:20:39","modified_gmt":"2019-11-22T09:20:39","slug":"uber-uns","status":"publish","type":"page","link":"https:\/\/www.canelisa.com\/de\/uber-uns\/","title":{"rendered":"\u00dcber uns"},"content":{"rendered":"<p>[et_pb_section fb_built=&#8220;1&#8243; _builder_version=&#8220;3.22&#8243; background_image=&#8220;https:\/\/www.canelisa.com\/wp-content\/uploads\/2018\/01\/Foto-25-09-17-17-10-11-e1515573003445.jpg&#8220; background_blend=&#8220;multiply&#8220; custom_padding=&#8220;60px|0px|60px|0px&#8220; fb_built=&#8220;1&#8243; _i=&#8220;0&#8243; _address=&#8220;0&#8243;][et_pb_row _builder_version=&#8220;3.25&#8243; background_size=&#8220;initial&#8220; background_position=&#8220;top_left&#8220; background_repeat=&#8220;repeat&#8220; custom_padding=&#8220;99px|0px|100px|0px&#8220; _i=&#8220;0&#8243; _address=&#8220;0.0&#8243;][et_pb_column type=&#8220;4_4&#8243; _builder_version=&#8220;3.25&#8243; custom_padding=&#8220;|||&#8220; _i=&#8220;0&#8243; _address=&#8220;0.0.0&#8243; custom_padding__hover=&#8220;|||&#8220;][et_pb_text _builder_version=&#8220;3.27.4&#8243; text_font=&#8220;|700|||||||&#8220; text_font_size=&#8220;22px&#8220; text_text_shadow_style=&#8220;preset1&#8243; header_font=&#8220;|700||on|||||&#8220; header_font_size=&#8220;40px&#8220; header_line_height=&#8220;1.4em&#8220; text_orientation=&#8220;center&#8220; background_layout=&#8220;dark&#8220; _i=&#8220;0&#8243; _address=&#8220;0.0.0.0&#8243;]<\/p>\n<h1 style=\"text-align: center;\">\u00dcber uns | Linda &#038; Jasper<\/h1>\n<p style=\"text-align: center;\">Willkommen bei Can Elisa!<\/p>\n<p>[\/et_pb_text][\/et_pb_column][\/et_pb_row][\/et_pb_section][et_pb_section fb_built=&#8220;1&#8243; _builder_version=&#8220;3.22&#8243; fb_built=&#8220;1&#8243; _i=&#8220;1&#8243; _address=&#8220;1&#8243;][et_pb_row _builder_version=&#8220;3.25&#8243; _i=&#8220;0&#8243; _address=&#8220;1.0&#8243;][et_pb_column type=&#8220;4_4&#8243; _builder_version=&#8220;3.25&#8243; custom_padding=&#8220;|||&#8220; _i=&#8220;0&#8243; _address=&#8220;1.0.0&#8243; custom_padding__hover=&#8220;|||&#8220;][et_pb_text _builder_version=&#8220;3.27.4&#8243; _i=&#8220;0&#8243; _address=&#8220;1.0.0.0&#8243;]<\/p>\n<h2 class=\"heading\" style=\"text-align: center;\">Can Elisa | Linda &#038; Jasper<\/h2>\n<p>[\/et_pb_text][\/et_pb_column][\/et_pb_row][et_pb_row _builder_version=&#8220;3.25&#8243; _i=&#8220;1&#8243; _address=&#8220;1.1&#8243;][et_pb_column type=&#8220;4_4&#8243; _builder_version=&#8220;3.25&#8243; custom_padding=&#8220;|||&#8220; _i=&#8220;0&#8243; _address=&#8220;1.1.0&#8243; custom_padding__hover=&#8220;|||&#8220;][et_pb_text _builder_version=&#8220;3.27.4&#8243; _i=&#8220;0&#8243; _address=&#8220;1.1.0.0&#8243;]<\/p>\n<p>Can Elisa: Das Haus, das uns 2011 die Herzen gestohlen hat. Als wir zum ersten Mal in T\u00e0rbena Urlaub machten, verliebten wir uns in die Umgebung des Dorfes und der Provinz Alicante an der Costa Blanca, der S\u00fcdostk\u00fcste Spaniens. Natur, Energie, Leute, alles stimmte. Nachdem wir die Region mehrmals besucht hatten, wussten wir es sicher. Hier kommt eine Ferienresidenz! Wir haben einen Termin bei einem Makler vereinbart und den Vertrag im September 2014 unterschrieben.<\/p>\n<p>Von diesem Moment an waren wir mit der Verwirklichung unseres Traums besch\u00e4ftigt. Ein wundersch\u00f6ner Ort, fantastisches Haus und gro\u00dfartige Lage, die wir gerne mit unseren G\u00e4sten teilen w\u00fcrden. Can Elisa wurde umfassend renoviert und \u00f6ffnete im Fr\u00fchjahr 2016 seine T\u00fcren f\u00fcr G\u00e4ste.<\/p>\n<p>Der Name &#8218;Can Elisa&#8216; ist eine Hommage an meine verstorbene Mutter Els (Mutter von Jasper). &#8222;Can&#8220; ist Valencianisch f\u00fcr &#8222;Haus&#8220; und &#8222;Obdach&#8220;.<\/p>\n<p>[\/et_pb_text][\/et_pb_column][\/et_pb_row][\/et_pb_section][et_pb_section fb_built=&#8220;1&#8243; _builder_version=&#8220;3.22&#8243; fb_built=&#8220;1&#8243; _i=&#8220;2&#8243; _address=&#8220;2&#8243;][et_pb_row use_custom_gutter=&#8220;on&#8220; gutter_width=&#8220;0&#8243; module_class=&#8220; et_pb_row_fullwidth&#8220; _builder_version=&#8220;3.25&#8243; width=&#8220;100%&#8220; width_tablet=&#8220;100%&#8220; width_last_edited=&#8220;on|desktop&#8220; max_width=&#8220;100%&#8220; max_width_tablet=&#8220;100%&#8220; max_width_last_edited=&#8220;on|desktop&#8220; custom_margin=&#8220;|||&#8220; custom_padding=&#8220;0px||0px|&#8220; make_fullwidth=&#8220;on&#8220; _i=&#8220;0&#8243; _address=&#8220;2.0&#8243; column_structure=&#8220;1_3,1_3,1_3&#8243;][et_pb_column type=&#8220;1_3&#8243; _builder_version=&#8220;3.25&#8243; custom_padding=&#8220;|||&#8220; _i=&#8220;0&#8243; _address=&#8220;2.0.0&#8243; custom_padding__hover=&#8220;|||&#8220;][et_pb_image src=&#8220;https:\/\/www.canelisa.com\/wp-content\/uploads\/2017\/03\/jasper2.jpg&#8220; align_tablet=&#8220;center&#8220; align_last_edited=&#8220;on|desktop&#8220; _builder_version=&#8220;3.23&#8243; _i=&#8220;0&#8243; _address=&#8220;2.0.0.0&#8243;][\/et_pb_image][\/et_pb_column][et_pb_column type=&#8220;1_3&#8243; _builder_version=&#8220;3.25&#8243; custom_padding=&#8220;|||&#8220; _i=&#8220;1&#8243; _address=&#8220;2.0.1&#8243; custom_padding__hover=&#8220;|||&#8220;][et_pb_image src=&#8220;https:\/\/www.canelisa.com\/wp-content\/uploads\/2019\/11\/jasper_linda-1.jpg&#8220; align_tablet=&#8220;center&#8220; align_last_edited=&#8220;on|desktop&#8220; _builder_version=&#8220;3.27.4&#8243; hover_enabled=&#8220;0&#8243; _i=&#8220;0&#8243; _address=&#8220;2.0.1.0&#8243;][\/et_pb_image][\/et_pb_column][et_pb_column type=&#8220;1_3&#8243; _builder_version=&#8220;3.25&#8243; custom_padding=&#8220;|||&#8220; _i=&#8220;2&#8243; _address=&#8220;2.0.2&#8243; custom_padding__hover=&#8220;|||&#8220;][et_pb_image src=&#8220;https:\/\/www.canelisa.com\/wp-content\/uploads\/2017\/03\/linda.jpg&#8220; align_tablet=&#8220;center&#8220; align_last_edited=&#8220;on|desktop&#8220; _builder_version=&#8220;3.23&#8243; custom_margin=&#8220;|||&#8220; custom_padding=&#8220;|||&#8220; _i=&#8220;0&#8243; _address=&#8220;2.0.2.0&#8243;][\/et_pb_image][\/et_pb_column][\/et_pb_row][\/et_pb_section][et_pb_section fb_built=&#8220;1&#8243; _builder_version=&#8220;3.22&#8243; fb_built=&#8220;1&#8243; _i=&#8220;3&#8243; _address=&#8220;3&#8243;][et_pb_row _builder_version=&#8220;3.25&#8243; _i=&#8220;0&#8243; _address=&#8220;3.0&#8243;][et_pb_column type=&#8220;4_4&#8243; _builder_version=&#8220;3.25&#8243; custom_padding=&#8220;|||&#8220; _i=&#8220;0&#8243; _address=&#8220;3.0.0&#8243; custom_padding__hover=&#8220;|||&#8220;][et_pb_text _builder_version=&#8220;3.27.4&#8243; _i=&#8220;0&#8243; _address=&#8220;3.0.0.0&#8243;]<\/p>\n<h2 class=\"heading\" style=\"text-align: center;\">Wer sind wir?<\/h2>\n<p>[\/et_pb_text][\/et_pb_column][\/et_pb_row][et_pb_row _builder_version=&#8220;3.25&#8243; _i=&#8220;1&#8243; _address=&#8220;3.1&#8243;][et_pb_column type=&#8220;4_4&#8243; _builder_version=&#8220;3.25&#8243; custom_padding=&#8220;|||&#8220; _i=&#8220;0&#8243; _address=&#8220;3.1.0&#8243; custom_padding__hover=&#8220;|||&#8220;][et_pb_text _builder_version=&#8220;3.27.4&#8243; _i=&#8220;0&#8243; _address=&#8220;3.1.0.0&#8243;]<\/p>\n<p>Wir haben in Amersfoort gelebt und uns w\u00e4hrend unserer Studienzeit getroffen. Inzwischen haben wir viel von der Welt gesehen und w\u00e4hrend eines Urlaubs in Spanien haben wir uns in die Umgebung von T\u00e0rbena verliebt. Wir haben uns entschieden, ein Haus in T\u00e0rbena zu finden, um daraus ein wunderbares Urlaubsziel zu machen.<\/p>\n<p>Es ist ein Privileg, in Spanien zu leben, wir genie\u00dfen das Haus, unseren Traumplatz und die G\u00e4ste.<\/p>\n<p>[\/et_pb_text][\/et_pb_column][\/et_pb_row][\/et_pb_section]<\/p>\n","protected":false},"excerpt":{"rendered":"<p>\u00dcber uns | Linda &#038; Jasper Willkommen bei Can Elisa!Can Elisa | Linda &#038; JasperCan Elisa: Das Haus, das uns 2011 die Herzen gestohlen hat. Als wir zum ersten Mal in T\u00e0rbena Urlaub machten, verliebten wir uns in die Umgebung des Dorfes und der Provinz Alicante an der Costa Blanca, der S\u00fcdostk\u00fcste Spaniens. Natur, Energie, [&hellip;]<\/p>\n","protected":false},"author":2,"featured_media":0,"parent":0,"menu_order":0,"comment_status":"closed","ping_status":"closed","template":"","meta":{"_et_pb_use_builder":"on","_et_pb_old_content":"","_et_gb_content_width":"","_monsterinsights_skip_tracking":false,"_monsterinsights_sitenote_active":false,"_monsterinsights_sitenote_note":"","_monsterinsights_sitenote_category":0,"ngg_post_thumbnail":0,"footnotes":""},"class_list":["post-4375","page","type-page","status-publish","hentry"],"yoast_head":"<!-- This site is optimized with the Yoast SEO plugin v27.4 - https:\/\/yoast.com\/product\/yoast-seo-wordpress\/ -->\n<title>Linda und Jasper | Can Elisa<\/title>\n<meta name=\"description\" content=\"Willkommen in Can Elisa, einer exklusiven Ferienadresse im historischen Dorf T\u00e0rbena. Lernen Sie Jasper und Linda kennen.\" \/>\n<meta name=\"robots\" content=\"index, follow, max-snippet:-1, max-image-preview:large, max-video-preview:-1\" \/>\n<link rel=\"canonical\" href=\"https:\/\/www.canelisa.com\/de\/uber-uns\/\" \/>\n<meta property=\"og:locale\" content=\"de_DE\" \/>\n<meta property=\"og:type\" content=\"article\" \/>\n<meta property=\"og:title\" content=\"Linda und Jasper | Can Elisa\" \/>\n<meta property=\"og:description\" content=\"Willkommen in Can Elisa, einer exklusiven Ferienadresse im historischen Dorf T\u00e0rbena. Lernen Sie Jasper und Linda kennen.\" \/>\n<meta property=\"og:url\" content=\"https:\/\/www.canelisa.com\/de\/uber-uns\/\" \/>\n<meta property=\"og:site_name\" content=\"Casa Rural Can Elisa\" \/>\n<meta property=\"article:publisher\" content=\"https:\/\/www.facebook.com\/canelisatarbena\/\" \/>\n<meta property=\"article:modified_time\" content=\"2019-11-22T09:20:39+00:00\" \/>\n<meta name=\"twitter:card\" content=\"summary_large_image\" \/>\n<meta name=\"twitter:label1\" content=\"Gesch\u00e4tzte Lesezeit\" \/>\n\t<meta name=\"twitter:data1\" content=\"4\u00a0Minuten\" \/>\n<script type=\"application\/ld+json\" class=\"yoast-schema-graph\">{\"@context\":\"https:\\\/\\\/schema.org\",\"@graph\":[{\"@type\":\"WebPage\",\"@id\":\"https:\\\/\\\/www.canelisa.com\\\/de\\\/uber-uns\\\/\",\"url\":\"https:\\\/\\\/www.canelisa.com\\\/de\\\/uber-uns\\\/\",\"name\":\"Linda und Jasper | Can Elisa\",\"isPartOf\":{\"@id\":\"https:\\\/\\\/www.canelisa.com\\\/de\\\/#website\"},\"datePublished\":\"2018-03-24T10:01:43+00:00\",\"dateModified\":\"2019-11-22T09:20:39+00:00\",\"description\":\"Willkommen in Can Elisa, einer exklusiven Ferienadresse im historischen Dorf T\u00e0rbena. Lernen Sie Jasper und Linda kennen.\",\"breadcrumb\":{\"@id\":\"https:\\\/\\\/www.canelisa.com\\\/de\\\/uber-uns\\\/#breadcrumb\"},\"inLanguage\":\"de\",\"potentialAction\":[{\"@type\":\"ReadAction\",\"target\":[\"https:\\\/\\\/www.canelisa.com\\\/de\\\/uber-uns\\\/\"]}]},{\"@type\":\"BreadcrumbList\",\"@id\":\"https:\\\/\\\/www.canelisa.com\\\/de\\\/uber-uns\\\/#breadcrumb\",\"itemListElement\":[{\"@type\":\"ListItem\",\"position\":1,\"name\":\"Home\",\"item\":\"https:\\\/\\\/www.canelisa.com\\\/de\\\/\"},{\"@type\":\"ListItem\",\"position\":2,\"name\":\"\u00dcber uns\"}]},{\"@type\":\"WebSite\",\"@id\":\"https:\\\/\\\/www.canelisa.com\\\/de\\\/#website\",\"url\":\"https:\\\/\\\/www.canelisa.com\\\/de\\\/\",\"name\":\"Casa Rural Can Elisa\",\"description\":\"Vakantie aan de Costa Blanca\",\"potentialAction\":[{\"@type\":\"SearchAction\",\"target\":{\"@type\":\"EntryPoint\",\"urlTemplate\":\"https:\\\/\\\/www.canelisa.com\\\/de\\\/?s={search_term_string}\"},\"query-input\":{\"@type\":\"PropertyValueSpecification\",\"valueRequired\":true,\"valueName\":\"search_term_string\"}}],\"inLanguage\":\"de\"}]}<\/script>\n<!-- \/ Yoast SEO plugin. -->","yoast_head_json":{"title":"Linda und Jasper | Can Elisa","description":"Willkommen in Can Elisa, einer exklusiven Ferienadresse im historischen Dorf T\u00e0rbena. Lernen Sie Jasper und Linda kennen.","robots":{"index":"index","follow":"follow","max-snippet":"max-snippet:-1","max-image-preview":"max-image-preview:large","max-video-preview":"max-video-preview:-1"},"canonical":"https:\/\/www.canelisa.com\/de\/uber-uns\/","og_locale":"de_DE","og_type":"article","og_title":"Linda und Jasper | Can Elisa","og_description":"Willkommen in Can Elisa, einer exklusiven Ferienadresse im historischen Dorf T\u00e0rbena. Lernen Sie Jasper und Linda kennen.","og_url":"https:\/\/www.canelisa.com\/de\/uber-uns\/","og_site_name":"Casa Rural Can Elisa","article_publisher":"https:\/\/www.facebook.com\/canelisatarbena\/","article_modified_time":"2019-11-22T09:20:39+00:00","twitter_card":"summary_large_image","twitter_misc":{"Gesch\u00e4tzte Lesezeit":"4\u00a0Minuten"},"schema":{"@context":"https:\/\/schema.org","@graph":[{"@type":"WebPage","@id":"https:\/\/www.canelisa.com\/de\/uber-uns\/","url":"https:\/\/www.canelisa.com\/de\/uber-uns\/","name":"Linda und Jasper | Can Elisa","isPartOf":{"@id":"https:\/\/www.canelisa.com\/de\/#website"},"datePublished":"2018-03-24T10:01:43+00:00","dateModified":"2019-11-22T09:20:39+00:00","description":"Willkommen in Can Elisa, einer exklusiven Ferienadresse im historischen Dorf T\u00e0rbena. Lernen Sie Jasper und Linda kennen.","breadcrumb":{"@id":"https:\/\/www.canelisa.com\/de\/uber-uns\/#breadcrumb"},"inLanguage":"de","potentialAction":[{"@type":"ReadAction","target":["https:\/\/www.canelisa.com\/de\/uber-uns\/"]}]},{"@type":"BreadcrumbList","@id":"https:\/\/www.canelisa.com\/de\/uber-uns\/#breadcrumb","itemListElement":[{"@type":"ListItem","position":1,"name":"Home","item":"https:\/\/www.canelisa.com\/de\/"},{"@type":"ListItem","position":2,"name":"\u00dcber uns"}]},{"@type":"WebSite","@id":"https:\/\/www.canelisa.com\/de\/#website","url":"https:\/\/www.canelisa.com\/de\/","name":"Casa Rural Can Elisa","description":"Vakantie aan de Costa Blanca","potentialAction":[{"@type":"SearchAction","target":{"@type":"EntryPoint","urlTemplate":"https:\/\/www.canelisa.com\/de\/?s={search_term_string}"},"query-input":{"@type":"PropertyValueSpecification","valueRequired":true,"valueName":"search_term_string"}}],"inLanguage":"de"}]}},"_links":{"self":[{"href":"https:\/\/www.canelisa.com\/de\/wp-json\/wp\/v2\/pages\/4375","targetHints":{"allow":["GET"]}}],"collection":[{"href":"https:\/\/www.canelisa.com\/de\/wp-json\/wp\/v2\/pages"}],"about":[{"href":"https:\/\/www.canelisa.com\/de\/wp-json\/wp\/v2\/types\/page"}],"author":[{"embeddable":true,"href":"https:\/\/www.canelisa.com\/de\/wp-json\/wp\/v2\/users\/2"}],"replies":[{"embeddable":true,"href":"https:\/\/www.canelisa.com\/de\/wp-json\/wp\/v2\/comments?post=4375"}],"version-history":[{"count":0,"href":"https:\/\/www.canelisa.com\/de\/wp-json\/wp\/v2\/pages\/4375\/revisions"}],"wp:attachment":[{"href":"https:\/\/www.canelisa.com\/de\/wp-json\/wp\/v2\/media?parent=4375"}],"curies":[{"name":"wp","href":"https:\/\/api.w.org\/{rel}","templated":true}]}}