{"id":3845,"date":"2018-02-21T11:17:14","date_gmt":"2018-02-21T10:17:14","guid":{"rendered":"https:\/\/www.canelisa.com\/surroundings\/the-area\/tarbena\/"},"modified":"2018-11-01T09:34:50","modified_gmt":"2018-11-01T08:34:50","slug":"tarbena","status":"publish","type":"page","link":"https:\/\/www.canelisa.com\/en\/surroundings\/the-area\/tarbena\/","title":{"rendered":"Tarbena"},"content":{"rendered":"<p>[et_pb_section fb_built=&#8221;1&#8243; _builder_version=&#8221;3.0.97&#8243; background_image=&#8221;https:\/\/www.canelisa.com\/wp-content\/uploads\/2018\/01\/omgeving_tarbena.jpg&#8221; background_blend=&#8221;multiply&#8221; custom_padding=&#8221;60px|0px|60px|0px&#8221;][et_pb_row custom_padding=&#8221;99px|0px|100px|0px&#8221; _builder_version=&#8221;3.0.47&#8243; background_size=&#8221;initial&#8221; background_position=&#8221;top_left&#8221; background_repeat=&#8221;repeat&#8221;][et_pb_column type=&#8221;4_4&#8243; _builder_version=&#8221;3.0.47&#8243; parallax=&#8221;off&#8221; parallax_method=&#8221;on&#8221;][et_pb_text _builder_version=&#8221;3.0.93&#8243; text_font=&#8221;|700|||||||&#8221; text_font_size=&#8221;22px&#8221; text_text_shadow_style=&#8221;preset1&#8243; header_font=&#8221;|700||on|||||&#8221; header_font_size=&#8221;40px&#8221; header_line_height=&#8221;1.4em&#8221; text_orientation=&#8221;center&#8221; background_layout=&#8221;dark&#8221;]<\/p>\n<h1 style=\"text-align: center;\">the village T\u00c0rbena<\/h1>\n<p style=\"text-align: center;\">Get acquainted with T\u00e0rbena, a village with a rich history.<\/p>\n<p>[\/et_pb_text][\/et_pb_column][\/et_pb_row][\/et_pb_section][et_pb_section fb_built=&#8221;1&#8243; _builder_version=&#8221;3.0.93&#8243; custom_margin=&#8221;0px||0px|&#8221; custom_padding=&#8221;0px||0px|&#8221;][et_pb_row _builder_version=&#8221;3.0.93&#8243;][et_pb_column type=&#8221;4_4&#8243; _builder_version=&#8221;3.0.47&#8243; parallax=&#8221;off&#8221; parallax_method=&#8221;on&#8221;][et_pb_text _builder_version=&#8221;3.0.105&#8243; text_font=&#8221;||||||||&#8221;]<\/p>\n<h2 class=\"heading\" style=\"text-align: center;\">T\u00c0RBENA<\/h2>\n<p>[\/et_pb_text][\/et_pb_column][\/et_pb_row][et_pb_row _builder_version=&#8221;3.0.93&#8243;][et_pb_column type=&#8221;4_4&#8243; _builder_version=&#8221;3.0.93&#8243; parallax=&#8221;off&#8221; parallax_method=&#8221;on&#8221;][et_pb_text _builder_version=&#8221;3.0.93&#8243;]<\/p>\n<p>In the heart of the province of Alicante and nestled in the mountains lies T\u00e0rbena. A small village with winding narrow streets, views and a number of natural water sources. T\u00e0rbena is surrounded by almond groves and there is a quiet authentic Spanish atmosphere. Between January and March the mountains around T\u00e0rbena color white and pink because then the almond trees are full of flowers with blossoms.<\/p>\n<p>The surroundings of T\u00e0rbena are ideal for an active holiday, you can hike, cycle, climb and practice various activities at sea such as snorkeling, kayaking or subbing. Would you like to relax? Relax completely, enjoy nature, the various restaurants, the beach and Spanish life.<\/p>\n<p>[\/et_pb_text][\/et_pb_column][\/et_pb_row][\/et_pb_section][et_pb_section fb_built=&#8221;1&#8243; _builder_version=&#8221;3.0.105&#8243; custom_margin=&#8221;||0px|&#8221; custom_padding=&#8221;||0px|&#8221;][et_pb_row make_fullwidth=&#8221;on&#8221; use_custom_gutter=&#8221;on&#8221; gutter_width=&#8221;0&#8243; custom_padding=&#8221;0px||0px|&#8221; custom_margin=&#8221;|||&#8221; _builder_version=&#8221;3.0.105&#8243;][et_pb_column type=&#8221;1_3&#8243; _builder_version=&#8221;3.0.93&#8243; parallax=&#8221;off&#8221; parallax_method=&#8221;on&#8221;][et_pb_image src=&#8221;https:\/\/www.canelisa.com\/wp-content\/uploads\/2018\/06\/IMG_20170803_1426232.jpg&#8221; _builder_version=&#8221;3.0.105&#8243;][\/et_pb_image][\/et_pb_column][et_pb_column type=&#8221;1_3&#8243; _builder_version=&#8221;3.0.93&#8243; parallax=&#8221;off&#8221; parallax_method=&#8221;on&#8221;][et_pb_image src=&#8221;https:\/\/www.canelisa.com\/wp-content\/uploads\/2018\/06\/IMG_5448.jpg&#8221; _builder_version=&#8221;3.0.105&#8243;][\/et_pb_image][\/et_pb_column][et_pb_column type=&#8221;1_3&#8243; _builder_version=&#8221;3.0.93&#8243; parallax=&#8221;off&#8221; parallax_method=&#8221;on&#8221;][et_pb_image src=&#8221;https:\/\/www.canelisa.com\/wp-content\/uploads\/2018\/02\/Foto-01-01-18-15-58-39-e1517830010779.jpg&#8221; _builder_version=&#8221;3.0.105&#8243; custom_margin=&#8221;|||&#8221; custom_padding=&#8221;|||&#8221;][\/et_pb_image][\/et_pb_column][\/et_pb_row][\/et_pb_section][et_pb_section fb_built=&#8221;1&#8243; _builder_version=&#8221;3.0.93&#8243;][et_pb_row custom_padding=&#8221;27px|0px|28px|0px&#8221; _builder_version=&#8221;3.0.93&#8243;][et_pb_column type=&#8221;4_4&#8243; _builder_version=&#8221;3.0.47&#8243; parallax=&#8221;off&#8221; parallax_method=&#8221;on&#8221;][et_pb_text _builder_version=&#8221;3.0.105&#8243;]<\/p>\n<h2 class=\"heading\" style=\"text-align: center;\">FACILITIES T\u00c0RBENA<\/h2>\n<p>[\/et_pb_text][\/et_pb_column][\/et_pb_row][et_pb_row _builder_version=&#8221;3.0.93&#8243;][et_pb_column type=&#8221;1_2&#8243; _builder_version=&#8221;3.0.47&#8243; parallax=&#8221;off&#8221; parallax_method=&#8221;on&#8221;][et_pb_text _builder_version=&#8221;3.0.105&#8243;]<\/p>\n<p>Although the village of T\u00e0rbena with its 600 inhabitants is a small village, it is fully equipped. T\u00e0rbena has a supermarket where you can go for daily groceries. Every Thursday there is a local market where, among other things, fresh vegetables from the region are sold. Also for fresh <g class=\"gr_ gr_23 gr-alert gr_gramm gr_inline_cards gr_run_anim Punctuation only-ins replaceWithoutSep\" id=\"23\" data-gr-id=\"23\">bread<\/g> you do not have to drive far, T\u00e0rbena has 2 bakeries, 1 of which bakes on a wood fire in a traditional way.<\/p>\n<p>In the area of <g class=\"gr_ gr_22 gr-alert gr_gramm gr_inline_cards gr_run_anim Punctuation only-ins replaceWithoutSep\" id=\"22\" data-gr-id=\"22\">gastronomy<\/g> you are at the right place in T\u00e0rbena. The village has 8 (bar) <a href=\"https:\/\/www.canelisa.com\/en\/restaurants\/\">restaurants<\/a> with different cuisines. Eat a delicious paella? Do you enjoy gastronomic delights or slide into one of the bars and taste delicious Spanish tapas?<\/p>\n<p>There is also a <g class=\"gr_ gr_20 gr-alert gr_spell gr_inline_cards gr_run_anim ContextualSpelling ins-del multiReplace\" id=\"20\" data-gr-id=\"20\">pattiserie<\/g> present with delicious pastries, a pharmacy and two swimming pools;<br \/>Sa Piscina is the village swimming pool where you and your locals take a job and enjoy refreshments in the restaurant.<br \/>The pool of Restaurant Sa Cantarella, enjoy lunch on the terrace with beautiful views and then take a refreshing dip in the pool.<\/p>\n<p>Be sure to visit the sausage maker Petito. Here is to Mallorcaans recipe Sobrasado (sausage). Do not forget to taste the Chorizo and Salchich\u00f3n.<\/p>\n<p>[\/et_pb_text][\/et_pb_column][et_pb_column type=&#8221;1_2&#8243; _builder_version=&#8221;3.0.47&#8243; parallax=&#8221;off&#8221; parallax_method=&#8221;on&#8221;][et_pb_image src=&#8221;https:\/\/www.canelisa.com\/wp-content\/uploads\/2018\/06\/IMG_4286.jpg&#8221; _builder_version=&#8221;3.0.105&#8243;][\/et_pb_image][\/et_pb_column][\/et_pb_row][\/et_pb_section][et_pb_section fb_built=&#8221;1&#8243; _builder_version=&#8221;3.0.93&#8243;][et_pb_row custom_padding=&#8221;27px|0px|28px|0px&#8221; _builder_version=&#8221;3.0.93&#8243;][et_pb_column type=&#8221;4_4&#8243; _builder_version=&#8221;3.0.47&#8243; parallax=&#8221;off&#8221; parallax_method=&#8221;on&#8221;][et_pb_text _builder_version=&#8221;3.0.105&#8243;]<\/p>\n<h2 class=\"heading\" style=\"text-align: center;\">SIGHTS T\u00c0RBENA<\/h2>\n<p>[\/et_pb_text][\/et_pb_column][\/et_pb_row][et_pb_row _builder_version=&#8221;3.0.93&#8243;][et_pb_column type=&#8221;1_2&#8243; _builder_version=&#8221;3.0.47&#8243; parallax=&#8221;off&#8221; parallax_method=&#8221;on&#8221;][et_pb_text _builder_version=&#8221;3.0.105&#8243;]<\/p>\n<p>Besides delicious food and enjoying the Spanish life, there is also a lot to see in the village of T\u00e0rbena and the immediate surroundings.<\/p>\n<p>T\u00e0rbena is also called &#8220;<a href=\"https:\/\/www.canelisa.com\/en\/surroundings\/activities\/hiking\/\">the starting point for the most beautiful walks in the Costa Blanca<\/a>&#8220;. Various walks start from the village.<\/p>\n<p>One of the walks brings you to Sa Caseta de Moros, this ruin is a remnant of a Moorish castle. The view from this point is breathtaking.<\/p>\n<p>T\u00e0rbena is built around various water sources, many of these sources still work today and are used for drinking water. A walk through the village leads you along some sources and viewpoints.<\/p>\n<p>Enjoy a snack and drink on the terrace of Bar Placa on the plaza mayor (square) at the foot of the church.<\/p>\n<p>[\/et_pb_text][\/et_pb_column][et_pb_column type=&#8221;1_2&#8243; _builder_version=&#8221;3.0.47&#8243; parallax=&#8221;off&#8221; parallax_method=&#8221;on&#8221;][et_pb_image src=&#8221;https:\/\/www.canelisa.com\/wp-content\/uploads\/2018\/06\/IMG_20170817_1151272.jpg&#8221; _builder_version=&#8221;3.0.105&#8243;][\/et_pb_image][\/et_pb_column][\/et_pb_row][\/et_pb_section][et_pb_section fb_built=&#8221;1&#8243; _builder_version=&#8221;3.0.93&#8243;][et_pb_row _builder_version=&#8221;3.0.105&#8243;][et_pb_column type=&#8221;1_2&#8243; _builder_version=&#8221;3.0.47&#8243; parallax=&#8221;off&#8221; parallax_method=&#8221;on&#8221;][et_pb_text _builder_version=&#8221;3.0.93&#8243;]<\/p>\n<h3>SA PISCINA<\/h3>\n<p>[\/et_pb_text][et_pb_text _builder_version=&#8221;3.0.93&#8243;]<\/p>\n<p>Like many Spanish villages, Tarbena has its own village pool. Water is scarce in Spain and private pools are therefore increasingly not allowed. At the pool is a small bar \/ restaurant, you lack nothing.<\/p>\n<p>Precisely because the pool is also used by villagers you are in the real Spain.<\/p>\n<p>[\/et_pb_text][\/et_pb_column][et_pb_column type=&#8221;1_2&#8243; _builder_version=&#8221;3.0.47&#8243; parallax=&#8221;off&#8221; parallax_method=&#8221;on&#8221;][et_pb_image src=&#8221;https:\/\/www.canelisa.com\/wp-content\/uploads\/2018\/01\/piscina-tarbena.jpg&#8221; _builder_version=&#8221;3.0.93&#8243;][\/et_pb_image][\/et_pb_column][\/et_pb_row][et_pb_row custom_padding=&#8221;27px|0px|28px|0px&#8221; _builder_version=&#8221;3.0.93&#8243;][et_pb_column type=&#8221;4_4&#8243; _builder_version=&#8221;3.0.47&#8243; parallax=&#8221;off&#8221; parallax_method=&#8221;on&#8221;][et_pb_text _builder_version=&#8221;3.0.105&#8243;]<\/p>\n<h2 class=\"heading\" style=\"text-align: center;\">THE HISTORY OF T\u00c0RBENA<\/h2>\n<p>[\/et_pb_text][\/et_pb_column][\/et_pb_row][et_pb_row _builder_version=&#8221;3.0.93&#8243;][et_pb_column type=&#8221;4_4&#8243; _builder_version=&#8221;3.0.47&#8243; parallax=&#8221;off&#8221; parallax_method=&#8221;on&#8221;][et_pb_text _builder_version=&#8221;3.0.105&#8243;]<\/p>\n<p>T\u00e0rbena has a rich history, which goes all the way back to prehistoric times. For example, in the caves &#8216;Coveta de les Lletres&#8217; and &#8216;Cove de Dalt&#8217; traces can be found, left by primitive inhabitants. But otherwise little is known about the time before 1607. Arabs were chased by Philips III from Spain, after which people from Aragon and Catalonia went into the mountains.<\/p>\n<p>Seventeen families from Mallorca settled in T\u00e0rbena and took their own language and used it. The inhabitants of the village still speak the Majorcan dialect and traditionally prepare Mallorcan sausages (Sobrasada). The name T\u00e0rbena has an Iberian meaning: &#8216;Tarb&#8217; means high and refers to the high location of the village.<\/p>\n<p>[\/et_pb_text][\/et_pb_column][\/et_pb_row][\/et_pb_section][et_pb_section fb_built=&#8221;1&#8243; _builder_version=&#8221;3.0.105&#8243; custom_margin=&#8221;0px|||&#8221; custom_padding=&#8221;0px|||&#8221;][et_pb_row _builder_version=&#8221;3.0.93&#8243;][et_pb_column type=&#8221;4_4&#8243; _builder_version=&#8221;3.0.93&#8243; parallax=&#8221;off&#8221; parallax_method=&#8221;on&#8221;][et_pb_video src=&#8221;https:\/\/youtu.be\/azIf_1Vk6lg&#8221; _builder_version=&#8221;3.15&#8243;][\/et_pb_video][\/et_pb_column][\/et_pb_row][\/et_pb_section]<\/p>\n","protected":false},"excerpt":{"rendered":"<p>the village T\u00c0rbena Get acquainted with T\u00e0rbena, a village with a rich history.T\u00c0RBENAIn the heart of the province of Alicante and nestled in the mountains lies T\u00e0rbena. A small village with winding narrow streets, views and a number of natural water sources. T\u00e0rbena is surrounded by almond groves and there is a quiet authentic Spanish [&hellip;]<\/p>\n","protected":false},"author":2,"featured_media":0,"parent":3825,"menu_order":0,"comment_status":"closed","ping_status":"closed","template":"","meta":{"_et_pb_use_builder":"on","_et_pb_old_content":"","_et_gb_content_width":"","_monsterinsights_skip_tracking":false,"_monsterinsights_sitenote_active":false,"_monsterinsights_sitenote_note":"","_monsterinsights_sitenote_category":0,"ngg_post_thumbnail":0,"footnotes":""},"class_list":["post-3845","page","type-page","status-publish","hentry"],"yoast_head":"<!-- This site is optimized with the Yoast SEO plugin v27.4 - https:\/\/yoast.com\/product\/yoast-seo-wordpress\/ -->\n<title>The village T\u00e0rbena | Can Elisa<\/title>\n<meta name=\"description\" content=\"On holiday on the Costa Blanca, near the beach and city of Valencia? Get acquainted with T\u00e0rbena, a village with a rich history!\" \/>\n<meta name=\"robots\" content=\"index, follow, max-snippet:-1, max-image-preview:large, max-video-preview:-1\" \/>\n<link rel=\"canonical\" href=\"https:\/\/www.canelisa.com\/en\/surroundings\/the-area\/tarbena\/\" \/>\n<meta property=\"og:locale\" content=\"en_GB\" \/>\n<meta property=\"og:type\" content=\"article\" \/>\n<meta property=\"og:title\" content=\"The village T\u00e0rbena | Can Elisa\" \/>\n<meta property=\"og:description\" content=\"On holiday on the Costa Blanca, near the beach and city of Valencia? Get acquainted with T\u00e0rbena, a village with a rich history!\" \/>\n<meta property=\"og:url\" content=\"https:\/\/www.canelisa.com\/en\/surroundings\/the-area\/tarbena\/\" \/>\n<meta property=\"og:site_name\" content=\"Casa Rural Can Elisa\" \/>\n<meta property=\"article:publisher\" content=\"https:\/\/www.facebook.com\/canelisatarbena\/\" \/>\n<meta property=\"article:modified_time\" content=\"2018-11-01T08:34:50+00:00\" \/>\n<meta name=\"twitter:card\" content=\"summary_large_image\" \/>\n<meta name=\"twitter:label1\" content=\"Estimated reading time\" \/>\n\t<meta name=\"twitter:data1\" content=\"7 minutes\" \/>\n<script type=\"application\/ld+json\" class=\"yoast-schema-graph\">{\"@context\":\"https:\\\/\\\/schema.org\",\"@graph\":[{\"@type\":\"WebPage\",\"@id\":\"https:\\\/\\\/www.canelisa.com\\\/en\\\/surroundings\\\/the-area\\\/tarbena\\\/\",\"url\":\"https:\\\/\\\/www.canelisa.com\\\/en\\\/surroundings\\\/the-area\\\/tarbena\\\/\",\"name\":\"The village T\u00e0rbena | Can Elisa\",\"isPartOf\":{\"@id\":\"https:\\\/\\\/www.canelisa.com\\\/en\\\/#website\"},\"datePublished\":\"2018-02-21T10:17:14+00:00\",\"dateModified\":\"2018-11-01T08:34:50+00:00\",\"description\":\"On holiday on the Costa Blanca, near the beach and city of Valencia? Get acquainted with T\u00e0rbena, a village with a rich history!\",\"breadcrumb\":{\"@id\":\"https:\\\/\\\/www.canelisa.com\\\/en\\\/surroundings\\\/the-area\\\/tarbena\\\/#breadcrumb\"},\"inLanguage\":\"en-GB\",\"potentialAction\":[{\"@type\":\"ReadAction\",\"target\":[\"https:\\\/\\\/www.canelisa.com\\\/en\\\/surroundings\\\/the-area\\\/tarbena\\\/\"]}]},{\"@type\":\"BreadcrumbList\",\"@id\":\"https:\\\/\\\/www.canelisa.com\\\/en\\\/surroundings\\\/the-area\\\/tarbena\\\/#breadcrumb\",\"itemListElement\":[{\"@type\":\"ListItem\",\"position\":1,\"name\":\"Home\",\"item\":\"https:\\\/\\\/www.canelisa.com\\\/en\\\/\"},{\"@type\":\"ListItem\",\"position\":2,\"name\":\"Surroundings\",\"item\":\"https:\\\/\\\/www.canelisa.com\\\/en\\\/surroundings\\\/\"},{\"@type\":\"ListItem\",\"position\":3,\"name\":\"The area\",\"item\":\"https:\\\/\\\/www.canelisa.com\\\/en\\\/surroundings\\\/the-area\\\/\"},{\"@type\":\"ListItem\",\"position\":4,\"name\":\"Tarbena\"}]},{\"@type\":\"WebSite\",\"@id\":\"https:\\\/\\\/www.canelisa.com\\\/en\\\/#website\",\"url\":\"https:\\\/\\\/www.canelisa.com\\\/en\\\/\",\"name\":\"Casa Rural Can Elisa\",\"description\":\"Vakantie aan de Costa Blanca\",\"potentialAction\":[{\"@type\":\"SearchAction\",\"target\":{\"@type\":\"EntryPoint\",\"urlTemplate\":\"https:\\\/\\\/www.canelisa.com\\\/en\\\/?s={search_term_string}\"},\"query-input\":{\"@type\":\"PropertyValueSpecification\",\"valueRequired\":true,\"valueName\":\"search_term_string\"}}],\"inLanguage\":\"en-GB\"}]}<\/script>\n<!-- \/ Yoast SEO plugin. -->","yoast_head_json":{"title":"The village T\u00e0rbena | Can Elisa","description":"On holiday on the Costa Blanca, near the beach and city of Valencia? Get acquainted with T\u00e0rbena, a village with a rich history!","robots":{"index":"index","follow":"follow","max-snippet":"max-snippet:-1","max-image-preview":"max-image-preview:large","max-video-preview":"max-video-preview:-1"},"canonical":"https:\/\/www.canelisa.com\/en\/surroundings\/the-area\/tarbena\/","og_locale":"en_GB","og_type":"article","og_title":"The village T\u00e0rbena | Can Elisa","og_description":"On holiday on the Costa Blanca, near the beach and city of Valencia? Get acquainted with T\u00e0rbena, a village with a rich history!","og_url":"https:\/\/www.canelisa.com\/en\/surroundings\/the-area\/tarbena\/","og_site_name":"Casa Rural Can Elisa","article_publisher":"https:\/\/www.facebook.com\/canelisatarbena\/","article_modified_time":"2018-11-01T08:34:50+00:00","twitter_card":"summary_large_image","twitter_misc":{"Estimated reading time":"7 minutes"},"schema":{"@context":"https:\/\/schema.org","@graph":[{"@type":"WebPage","@id":"https:\/\/www.canelisa.com\/en\/surroundings\/the-area\/tarbena\/","url":"https:\/\/www.canelisa.com\/en\/surroundings\/the-area\/tarbena\/","name":"The village T\u00e0rbena | Can Elisa","isPartOf":{"@id":"https:\/\/www.canelisa.com\/en\/#website"},"datePublished":"2018-02-21T10:17:14+00:00","dateModified":"2018-11-01T08:34:50+00:00","description":"On holiday on the Costa Blanca, near the beach and city of Valencia? Get acquainted with T\u00e0rbena, a village with a rich history!","breadcrumb":{"@id":"https:\/\/www.canelisa.com\/en\/surroundings\/the-area\/tarbena\/#breadcrumb"},"inLanguage":"en-GB","potentialAction":[{"@type":"ReadAction","target":["https:\/\/www.canelisa.com\/en\/surroundings\/the-area\/tarbena\/"]}]},{"@type":"BreadcrumbList","@id":"https:\/\/www.canelisa.com\/en\/surroundings\/the-area\/tarbena\/#breadcrumb","itemListElement":[{"@type":"ListItem","position":1,"name":"Home","item":"https:\/\/www.canelisa.com\/en\/"},{"@type":"ListItem","position":2,"name":"Surroundings","item":"https:\/\/www.canelisa.com\/en\/surroundings\/"},{"@type":"ListItem","position":3,"name":"The area","item":"https:\/\/www.canelisa.com\/en\/surroundings\/the-area\/"},{"@type":"ListItem","position":4,"name":"Tarbena"}]},{"@type":"WebSite","@id":"https:\/\/www.canelisa.com\/en\/#website","url":"https:\/\/www.canelisa.com\/en\/","name":"Casa Rural Can Elisa","description":"Vakantie aan de Costa Blanca","potentialAction":[{"@type":"SearchAction","target":{"@type":"EntryPoint","urlTemplate":"https:\/\/www.canelisa.com\/en\/?s={search_term_string}"},"query-input":{"@type":"PropertyValueSpecification","valueRequired":true,"valueName":"search_term_string"}}],"inLanguage":"en-GB"}]}},"_links":{"self":[{"href":"https:\/\/www.canelisa.com\/en\/wp-json\/wp\/v2\/pages\/3845","targetHints":{"allow":["GET"]}}],"collection":[{"href":"https:\/\/www.canelisa.com\/en\/wp-json\/wp\/v2\/pages"}],"about":[{"href":"https:\/\/www.canelisa.com\/en\/wp-json\/wp\/v2\/types\/page"}],"author":[{"embeddable":true,"href":"https:\/\/www.canelisa.com\/en\/wp-json\/wp\/v2\/users\/2"}],"replies":[{"embeddable":true,"href":"https:\/\/www.canelisa.com\/en\/wp-json\/wp\/v2\/comments?post=3845"}],"version-history":[{"count":0,"href":"https:\/\/www.canelisa.com\/en\/wp-json\/wp\/v2\/pages\/3845\/revisions"}],"up":[{"embeddable":true,"href":"https:\/\/www.canelisa.com\/en\/wp-json\/wp\/v2\/pages\/3825"}],"wp:attachment":[{"href":"https:\/\/www.canelisa.com\/en\/wp-json\/wp\/v2\/media?parent=3845"}],"curies":[{"name":"wp","href":"https:\/\/api.w.org\/{rel}","templated":true}]}}