{"id":6821,"date":"2019-12-30T11:08:38","date_gmt":"2019-12-30T10:08:38","guid":{"rendered":"https:\/\/www.canelisa.com\/reserva\/"},"modified":"2026-03-16T12:16:18","modified_gmt":"2026-03-16T11:16:18","slug":"reserva","status":"publish","type":"page","link":"https:\/\/www.canelisa.com\/es\/reserva\/","title":{"rendered":"Reserva"},"content":{"rendered":"<p>[et_pb_section fb_built=\u00bb1&#8243; _builder_version=\u00bb4.16&#8243; background_image=\u00bbhttps:\/\/www.canelisa.com\/wp-content\/uploads\/2016\/04\/alm4-e1461007999705.jpg\u00bb background_blend=\u00bbmultiply\u00bb custom_padding=\u00bb60px|0px|60px|0px\u00bb global_colors_info=\u00bb{}\u00bb][et_pb_row _builder_version=\u00bb4.16&#8243; background_size=\u00bbinitial\u00bb background_position=\u00bbtop_left\u00bb background_repeat=\u00bbrepeat\u00bb custom_padding=\u00bb99px|0px|100px|0px\u00bb global_colors_info=\u00bb{}\u00bb][et_pb_column type=\u00bb4_4&#8243; _builder_version=\u00bb4.16&#8243; custom_padding=\u00bb|||\u00bb global_colors_info=\u00bb{}\u00bb custom_padding__hover=\u00bb|||\u00bb][et_pb_text _builder_version=\u00bb4.16&#8243; text_font=\u00bb|700|||||||\u00bb text_font_size=\u00bb22px\u00bb header_font=\u00bb|700||on|||||\u00bb header_font_size=\u00bb40px\u00bb header_line_height=\u00bb1.4em\u00bb text_orientation=\u00bbcenter\u00bb background_layout=\u00bbdark\u00bb text_text_shadow_style=\u00bbpreset1&#8243; global_colors_info=\u00bb{}\u00bb]<\/p>\n<h1 style=\"text-align: center;\">Reserve Tus vacaciones en Can Elisa<\/h1>\n<p style=\"text-align: center;\"><b>Comprueba la disponibilidad de los apartamentos o la tienda safari y reserva tus vacaciones en Can Elisa<\/b><\/p>\n<p>[\/et_pb_text][\/et_pb_column][\/et_pb_row][\/et_pb_section][et_pb_section fb_built=\u00bb1&#8243; _builder_version=\u00bb4.16&#8243; custom_padding=\u00bb54px|0px|0|0px|false|false\u00bb global_colors_info=\u00bb{}\u00bb][et_pb_row column_structure=\u00bb1_2,1_2&#8243; _builder_version=\u00bb4.16&#8243; global_colors_info=\u00bb{}\u00bb][et_pb_column type=\u00bb1_2&#8243; _builder_version=\u00bb4.16&#8243; custom_padding=\u00bb|||\u00bb global_colors_info=\u00bb{}\u00bb custom_padding__hover=\u00bb|||\u00bb][et_pb_text _builder_version=\u00bb4.24.3&#8243; hover_enabled=\u00bb0&#8243; global_colors_info=\u00bb{}\u00bb sticky_enabled=\u00bb0&#8243;]<\/p>\n<p style=\"text-align: center;\"><span color=\"#333333\" style=\"color: #333333;\"><span style=\"font-size: 30px;\">RESERVE SU CASITA O TIENDA SAFARI<\/span><\/span><\/p>\n<p><strong>Verifique la disponibilidad, el precio y reserve su estancia en Can Elisa Tarbena:<\/strong><br \/>\n1. Filtre \/ seleccione alojamiento (por defecto los tres alojamientos est\u00e1n seleccionados).<br \/>\n2. Seleccione fecha de llegada y de salida.<br \/>\n3. Haga clic en \u00abReservar\u00bb y se mostrar\u00e1n los alojamientos disponibles y los precios.<br \/>\n<strong><\/strong><\/p>\n<p style=\"text-align: left;\"><span><\/span><\/p>\n<p style=\"text-align: left;\">Nuestros precios por noche var\u00edan seg\u00fan la temporada, el sistema de reservas calcula autom\u00e1ticamente el precio y un descuento por estancia prolongada.<br \/>\n<span>Descuento: +5 noches -5%, 7+ noches y m\u00e1s -10%.\u00a0<\/span><\/p>\n<p>[\/et_pb_text][\/et_pb_column][et_pb_column type=\u00bb1_2&#8243; _builder_version=\u00bb4.16&#8243; custom_padding=\u00bb|||\u00bb global_colors_info=\u00bb{}\u00bb custom_padding__hover=\u00bb|||\u00bb][et_pb_text _builder_version=\u00bb4.24.3&#8243; _module_preset=\u00bbdefault\u00bb hover_enabled=\u00bb0&#8243; global_colors_info=\u00bb{}\u00bb sticky_enabled=\u00bb0&#8243;]<\/p>\n<p style=\"text-align: center;\"><span color=\"#333333\" style=\"color: #333333;\"><span style=\"font-size: 30px;\">DETALLES ADICIONALES<\/span><\/span><\/p>\n<ul>\n<li style=\"text-align: left;\"><span>Estancia m\u00ednima:\u00a0 <\/span>2, 3 o 4 noches, dependiendo de las fechas.<\/li>\n<li style=\"text-align: left;\">Llegada: desde las 16:00 hasta las 22:00 (llegada m\u00e1s tarde suele ser posible previa consulta)<span><\/span><\/li>\n<li style=\"text-align: left;\">Salida: a m\u00e1s tardar las 11:00<\/li>\n<li style=\"text-align: left;\">No se permiten mascotas<\/li>\n<li style=\"text-align: left;\">Solo adultos<\/li>\n<\/ul>\n<p style=\"text-align: left;\"><span>Ropa de cama, toallas, uso de la barbacoa, pellets para la estufa de pellets y impuestos est\u00e1n incluidos.<\/span><\/p>\n<p>[\/et_pb_text][et_pb_button button_url=\u00bbhttps:\/\/wa.me\/34643868925&#8243; button_text=\u00bbWhatsApp Nosotros\u00bb button_alignment=\u00bbleft\u00bb _builder_version=\u00bb4.16&#8243; custom_button=\u00bbon\u00bb button_text_size=\u00bb12px\u00bb button_text_color=\u00bb#ffffff\u00bb button_bg_color=\u00bb#25D366&#8243; button_border_width=\u00bb0px\u00bb button_border_radius=\u00bb4px\u00bb button_font=\u00bb||||||||\u00bb global_colors_info=\u00bb{}\u00bb button_text_size__hover_enabled=\u00bboff\u00bb button_one_text_size__hover_enabled=\u00bboff\u00bb button_two_text_size__hover_enabled=\u00bboff\u00bb button_text_color__hover_enabled=\u00bboff\u00bb button_one_text_color__hover_enabled=\u00bboff\u00bb button_two_text_color__hover_enabled=\u00bboff\u00bb button_border_width__hover_enabled=\u00bboff\u00bb button_one_border_width__hover_enabled=\u00bboff\u00bb button_two_border_width__hover_enabled=\u00bboff\u00bb button_border_color__hover_enabled=\u00bboff\u00bb button_one_border_color__hover_enabled=\u00bboff\u00bb button_two_border_color__hover_enabled=\u00bboff\u00bb button_border_radius__hover_enabled=\u00bboff\u00bb button_one_border_radius__hover_enabled=\u00bboff\u00bb button_two_border_radius__hover_enabled=\u00bboff\u00bb button_letter_spacing__hover_enabled=\u00bboff\u00bb button_one_letter_spacing__hover_enabled=\u00bboff\u00bb button_two_letter_spacing__hover_enabled=\u00bboff\u00bb button_bg_color__hover_enabled=\u00bboff\u00bb button_one_bg_color__hover_enabled=\u00bboff\u00bb button_two_bg_color__hover_enabled=\u00bboff\u00bb][\/et_pb_button][\/et_pb_column][\/et_pb_row][et_pb_row _builder_version=\u00bb4.16&#8243; global_colors_info=\u00bb{}\u00bb][et_pb_column type=\u00bb4_4&#8243; _builder_version=\u00bb4.16&#8243; custom_padding=\u00bb|||\u00bb global_colors_info=\u00bb{}\u00bb custom_padding__hover=\u00bb|||\u00bb][et_pb_code _builder_version=\u00bb4.24.3&#8243; hover_enabled=\u00bb0&#8243; global_colors_info=\u00bb{}\u00bb sticky_enabled=\u00bb0&#8243;]<pee style=\"text-align: center;\"><!\u2013- [et_pb_br_holder] -\u2013>\u00bfProblemas para seleccionar la fecha? <!\u2013- [et_pb_br_holder] -\u2013>No dudes en preguntarnos v\u00eda <a href=\"https:\/\/wa.me\/+34643868925\" target=\"_blank\">WhatsApp<!-- [et_pb_line_break_holder] --><\/pee><!-- [et_pb_line_break_holder] --><\/a><!-- [et_pb_line_break_holder] --><\/div>\n<p><!-- [et_pb_line_break_holder] --><\/p>\n<div style=\"max-width:100%; margin:0px auto;\"><!-- [et_pb_line_break_holder] -->    <\/p>\n<div widget=\"02099-32703-34337\" language=\"es\"><\/div>\n<p><!-- [et_pb_line_break_holder] --><\/div>\n<p>[\/et_pb_code][\/et_pb_column][\/et_pb_row][\/et_pb_section][et_pb_section fb_built=\u00bb1&#8243; _builder_version=\u00bb4.16&#8243; custom_margin=\u00bb-3px||0px|||\u00bb custom_padding=\u00bb0px|||\u00bb global_colors_info=\u00bb{}\u00bb][et_pb_row _builder_version=\u00bb4.16&#8243; global_colors_info=\u00bb{}\u00bb][et_pb_column type=\u00bb4_4&#8243; _builder_version=\u00bb4.16&#8243; custom_padding=\u00bb|||\u00bb global_colors_info=\u00bb{}\u00bb custom_padding__hover=\u00bb|||\u00bb][et_pb_text _builder_version=\u00bb4.16&#8243; global_colors_info=\u00bb{}\u00bb]<\/p>\n<h1 class=\"heading\" style=\"text-align: center;\">Plano de planta finca Can Elisa T\u00e0rbena<\/h1>\n<p>[\/et_pb_text][\/et_pb_column][\/et_pb_row][et_pb_row module_class=\u00bb et_pb_row_fullwidth\u00bb _builder_version=\u00bb4.16&#8243; width=\u00bb94%\u00bb width_tablet=\u00bb80%\u00bb width_phone=\u00bb\u00bb width_last_edited=\u00bbon|desktop\u00bb max_width=\u00bb94%\u00bb max_width_tablet=\u00bb80%\u00bb max_width_phone=\u00bb\u00bb max_width_last_edited=\u00bbon|desktop\u00bb custom_padding=\u00bb0px||0px|\u00bb make_fullwidth=\u00bbon\u00bb global_colors_info=\u00bb{}\u00bb][et_pb_column type=\u00bb4_4&#8243; _builder_version=\u00bb4.16&#8243; custom_padding=\u00bb|||\u00bb global_colors_info=\u00bb{}\u00bb custom_padding__hover=\u00bb|||\u00bb][et_pb_image src=\u00bbhttps:\/\/www.canelisa.com\/wp-content\/uploads\/2019\/12\/map-can-elisa-tarbena.jpg\u00bb align=\u00bbcenter\u00bb align_tablet=\u00bbcenter\u00bb align_phone=\u00bb\u00bb align_last_edited=\u00bbon|desktop\u00bb _builder_version=\u00bb4.16&#8243; custom_padding=\u00bb0px|||||\u00bb global_colors_info=\u00bb{}\u00bb]<\/p>\n<p>[\/et_pb_image][\/et_pb_column][\/et_pb_row][\/et_pb_section][et_pb_section fb_built=\u00bb1&#8243; _builder_version=\u00bb4.16&#8243; custom_margin=\u00bb0px||0px|\u00bb custom_padding=\u00bb0px|||\u00bb global_colors_info=\u00bb{}\u00bb][et_pb_row _builder_version=\u00bb4.16&#8243; global_colors_info=\u00bb{}\u00bb][et_pb_column type=\u00bb4_4&#8243; _builder_version=\u00bb4.16&#8243; custom_padding=\u00bb|||\u00bb global_colors_info=\u00bb{}\u00bb custom_padding__hover=\u00bb|||\u00bb][et_pb_text _builder_version=\u00bb4.16&#8243; global_colors_info=\u00bb{}\u00bb]<\/p>\n<h1 class=\"heading\" style=\"text-align: center;\">PLANOS DE APPARTAMENTOS<\/h1>\n<p>[\/et_pb_text][\/et_pb_column][\/et_pb_row][et_pb_row module_class=\u00bb et_pb_row_fullwidth\u00bb _builder_version=\u00bb4.16&#8243; width=\u00bb94%\u00bb width_tablet=\u00bb80%\u00bb width_phone=\u00bb\u00bb width_last_edited=\u00bbon|desktop\u00bb max_width=\u00bb94%\u00bb max_width_tablet=\u00bb80%\u00bb max_width_phone=\u00bb\u00bb max_width_last_edited=\u00bbon|desktop\u00bb custom_padding=\u00bb0px||0px|\u00bb make_fullwidth=\u00bbon\u00bb global_colors_info=\u00bb{}\u00bb][et_pb_column type=\u00bb4_4&#8243; _builder_version=\u00bb4.16&#8243; custom_padding=\u00bb|||\u00bb global_colors_info=\u00bb{}\u00bb custom_padding__hover=\u00bb|||\u00bb][et_pb_image src=\u00bbhttps:\/\/www.canelisa.com\/wp-content\/uploads\/2016\/05\/app-1-en-2.png\u00bb align=\u00bbcenter\u00bb align_tablet=\u00bbcenter\u00bb align_phone=\u00bb\u00bb align_last_edited=\u00bbon|desktop\u00bb _builder_version=\u00bb4.16&#8243; custom_padding=\u00bb0px|||||\u00bb global_colors_info=\u00bb{}\u00bb]<\/p>\n<p>[\/et_pb_image][\/et_pb_column][\/et_pb_row][\/et_pb_section][et_pb_section fb_built=\u00bb1&#8243; _builder_version=\u00bb4.16&#8243; custom_margin=\u00bb0px||0px|\u00bb custom_padding=\u00bb0px|||\u00bb global_colors_info=\u00bb{}\u00bb][et_pb_row _builder_version=\u00bb4.16&#8243; global_colors_info=\u00bb{}\u00bb][et_pb_column type=\u00bb4_4&#8243; _builder_version=\u00bb4.16&#8243; custom_padding=\u00bb|||\u00bb global_colors_info=\u00bb{}\u00bb custom_padding__hover=\u00bb|||\u00bb][et_pb_text _builder_version=\u00bb4.16&#8243; global_colors_info=\u00bb{}\u00bb]<\/p>\n<h1 class=\"heading\" style=\"text-align: center;\">PLANO DE PLANTA DE TIENDA DE SAFARI<\/h1>\n<p>[\/et_pb_text][\/et_pb_column][\/et_pb_row][et_pb_row module_class=\u00bb et_pb_row_fullwidth\u00bb _builder_version=\u00bb4.16&#8243; width=\u00bb94%\u00bb width_tablet=\u00bb80%\u00bb width_phone=\u00bb\u00bb width_last_edited=\u00bbon|desktop\u00bb max_width=\u00bb94%\u00bb max_width_tablet=\u00bb80%\u00bb max_width_phone=\u00bb\u00bb max_width_last_edited=\u00bbon|desktop\u00bb custom_padding=\u00bb0px||0px|\u00bb make_fullwidth=\u00bbon\u00bb global_colors_info=\u00bb{}\u00bb][et_pb_column type=\u00bb4_4&#8243; _builder_version=\u00bb4.16&#8243; custom_padding=\u00bb|||\u00bb global_colors_info=\u00bb{}\u00bb custom_padding__hover=\u00bb|||\u00bb][et_pb_image src=\u00bbhttps:\/\/www.canelisa.com\/wp-content\/uploads\/2019\/12\/floorplan-tent-1.jpg\u00bb align=\u00bbcenter\u00bb align_tablet=\u00bbcenter\u00bb align_phone=\u00bb\u00bb align_last_edited=\u00bbon|phone\u00bb _builder_version=\u00bb4.16&#8243; custom_padding=\u00bb0px|||||\u00bb global_colors_info=\u00bb{}\u00bb]<\/p>\n<p>[\/et_pb_image][\/et_pb_column][\/et_pb_row][\/et_pb_section]<\/p>\n","protected":false},"excerpt":{"rendered":"<p>Reserve Tus vacaciones en Can Elisa Comprueba la disponibilidad de los apartamentos o la tienda safari y reserva tus vacaciones en Can ElisaRESERVE SU CASITA O TIENDA SAFARI Verifique la disponibilidad, el precio y reserve su estancia en Can Elisa Tarbena: 1. Filtre \/ seleccione alojamiento (por defecto los tres alojamientos est\u00e1n seleccionados). 2. Seleccione [&hellip;]<\/p>\n","protected":false},"author":2,"featured_media":0,"parent":0,"menu_order":0,"comment_status":"closed","ping_status":"closed","template":"","meta":{"_et_pb_use_builder":"on","_et_pb_old_content":"","_et_gb_content_width":"","_monsterinsights_skip_tracking":false,"_monsterinsights_sitenote_active":false,"_monsterinsights_sitenote_note":"","_monsterinsights_sitenote_category":0,"ngg_post_thumbnail":0,"footnotes":""},"class_list":["post-6821","page","type-page","status-publish","hentry"],"yoast_head":"<!-- This site is optimized with the Yoast SEO plugin v27.5 - https:\/\/yoast.com\/product\/yoast-seo-wordpress\/ -->\n<title>Reserve sus vacaciones | Can Elisa<\/title>\n<meta name=\"description\" content=\"Reserve su estancia en Can Elisa, o compruebe la disponibilidad del apartamento Almendra y apartamento Oliva.\" \/>\n<meta name=\"robots\" content=\"index, follow, max-snippet:-1, max-image-preview:large, max-video-preview:-1\" \/>\n<link rel=\"canonical\" href=\"https:\/\/www.canelisa.com\/es\/reserva\/\" \/>\n<meta property=\"og:locale\" content=\"es_ES\" \/>\n<meta property=\"og:type\" content=\"article\" \/>\n<meta property=\"og:title\" content=\"Reserve sus vacaciones | Can Elisa\" \/>\n<meta property=\"og:description\" content=\"Reserve su estancia en Can Elisa, o compruebe la disponibilidad del apartamento Almendra y apartamento Oliva.\" \/>\n<meta property=\"og:url\" content=\"https:\/\/www.canelisa.com\/es\/reserva\/\" \/>\n<meta property=\"og:site_name\" content=\"Casa Rural Can Elisa\" \/>\n<meta property=\"article:publisher\" content=\"https:\/\/www.facebook.com\/canelisatarbena\/\" \/>\n<meta property=\"article:modified_time\" content=\"2026-03-16T11:16:18+00:00\" \/>\n<meta name=\"twitter:card\" content=\"summary_large_image\" \/>\n<meta name=\"twitter:label1\" content=\"Tiempo de lectura\" \/>\n\t<meta name=\"twitter:data1\" content=\"6 minutos\" \/>\n<script type=\"application\/ld+json\" class=\"yoast-schema-graph\">{\"@context\":\"https:\\\/\\\/schema.org\",\"@graph\":[{\"@type\":\"WebPage\",\"@id\":\"https:\\\/\\\/www.canelisa.com\\\/es\\\/reserva\\\/\",\"url\":\"https:\\\/\\\/www.canelisa.com\\\/es\\\/reserva\\\/\",\"name\":\"Reserve sus vacaciones | Can Elisa\",\"isPartOf\":{\"@id\":\"https:\\\/\\\/www.canelisa.com\\\/es\\\/#website\"},\"datePublished\":\"2019-12-30T10:08:38+00:00\",\"dateModified\":\"2026-03-16T11:16:18+00:00\",\"description\":\"Reserve su estancia en Can Elisa, o compruebe la disponibilidad del apartamento Almendra y apartamento Oliva.\",\"breadcrumb\":{\"@id\":\"https:\\\/\\\/www.canelisa.com\\\/es\\\/reserva\\\/#breadcrumb\"},\"inLanguage\":\"es\",\"potentialAction\":[{\"@type\":\"ReadAction\",\"target\":[\"https:\\\/\\\/www.canelisa.com\\\/es\\\/reserva\\\/\"]}]},{\"@type\":\"BreadcrumbList\",\"@id\":\"https:\\\/\\\/www.canelisa.com\\\/es\\\/reserva\\\/#breadcrumb\",\"itemListElement\":[{\"@type\":\"ListItem\",\"position\":1,\"name\":\"Home\",\"item\":\"https:\\\/\\\/www.canelisa.com\\\/es\\\/\"},{\"@type\":\"ListItem\",\"position\":2,\"name\":\"Reserva\"}]},{\"@type\":\"WebSite\",\"@id\":\"https:\\\/\\\/www.canelisa.com\\\/es\\\/#website\",\"url\":\"https:\\\/\\\/www.canelisa.com\\\/es\\\/\",\"name\":\"Casa Rural Can Elisa\",\"description\":\"Vakantie aan de Costa Blanca\",\"potentialAction\":[{\"@type\":\"SearchAction\",\"target\":{\"@type\":\"EntryPoint\",\"urlTemplate\":\"https:\\\/\\\/www.canelisa.com\\\/es\\\/?s={search_term_string}\"},\"query-input\":{\"@type\":\"PropertyValueSpecification\",\"valueRequired\":true,\"valueName\":\"search_term_string\"}}],\"inLanguage\":\"es\"}]}<\/script>\n<!-- \/ Yoast SEO plugin. -->","yoast_head_json":{"title":"Reserve sus vacaciones | Can Elisa","description":"Reserve su estancia en Can Elisa, o compruebe la disponibilidad del apartamento Almendra y apartamento Oliva.","robots":{"index":"index","follow":"follow","max-snippet":"max-snippet:-1","max-image-preview":"max-image-preview:large","max-video-preview":"max-video-preview:-1"},"canonical":"https:\/\/www.canelisa.com\/es\/reserva\/","og_locale":"es_ES","og_type":"article","og_title":"Reserve sus vacaciones | Can Elisa","og_description":"Reserve su estancia en Can Elisa, o compruebe la disponibilidad del apartamento Almendra y apartamento Oliva.","og_url":"https:\/\/www.canelisa.com\/es\/reserva\/","og_site_name":"Casa Rural Can Elisa","article_publisher":"https:\/\/www.facebook.com\/canelisatarbena\/","article_modified_time":"2026-03-16T11:16:18+00:00","twitter_card":"summary_large_image","twitter_misc":{"Tiempo de lectura":"6 minutos"},"schema":{"@context":"https:\/\/schema.org","@graph":[{"@type":"WebPage","@id":"https:\/\/www.canelisa.com\/es\/reserva\/","url":"https:\/\/www.canelisa.com\/es\/reserva\/","name":"Reserve sus vacaciones | Can Elisa","isPartOf":{"@id":"https:\/\/www.canelisa.com\/es\/#website"},"datePublished":"2019-12-30T10:08:38+00:00","dateModified":"2026-03-16T11:16:18+00:00","description":"Reserve su estancia en Can Elisa, o compruebe la disponibilidad del apartamento Almendra y apartamento Oliva.","breadcrumb":{"@id":"https:\/\/www.canelisa.com\/es\/reserva\/#breadcrumb"},"inLanguage":"es","potentialAction":[{"@type":"ReadAction","target":["https:\/\/www.canelisa.com\/es\/reserva\/"]}]},{"@type":"BreadcrumbList","@id":"https:\/\/www.canelisa.com\/es\/reserva\/#breadcrumb","itemListElement":[{"@type":"ListItem","position":1,"name":"Home","item":"https:\/\/www.canelisa.com\/es\/"},{"@type":"ListItem","position":2,"name":"Reserva"}]},{"@type":"WebSite","@id":"https:\/\/www.canelisa.com\/es\/#website","url":"https:\/\/www.canelisa.com\/es\/","name":"Casa Rural Can Elisa","description":"Vakantie aan de Costa Blanca","potentialAction":[{"@type":"SearchAction","target":{"@type":"EntryPoint","urlTemplate":"https:\/\/www.canelisa.com\/es\/?s={search_term_string}"},"query-input":{"@type":"PropertyValueSpecification","valueRequired":true,"valueName":"search_term_string"}}],"inLanguage":"es"}]}},"_links":{"self":[{"href":"https:\/\/www.canelisa.com\/es\/wp-json\/wp\/v2\/pages\/6821","targetHints":{"allow":["GET"]}}],"collection":[{"href":"https:\/\/www.canelisa.com\/es\/wp-json\/wp\/v2\/pages"}],"about":[{"href":"https:\/\/www.canelisa.com\/es\/wp-json\/wp\/v2\/types\/page"}],"author":[{"embeddable":true,"href":"https:\/\/www.canelisa.com\/es\/wp-json\/wp\/v2\/users\/2"}],"replies":[{"embeddable":true,"href":"https:\/\/www.canelisa.com\/es\/wp-json\/wp\/v2\/comments?post=6821"}],"version-history":[{"count":83,"href":"https:\/\/www.canelisa.com\/es\/wp-json\/wp\/v2\/pages\/6821\/revisions"}],"predecessor-version":[{"id":12194,"href":"https:\/\/www.canelisa.com\/es\/wp-json\/wp\/v2\/pages\/6821\/revisions\/12194"}],"wp:attachment":[{"href":"https:\/\/www.canelisa.com\/es\/wp-json\/wp\/v2\/media?parent=6821"}],"curies":[{"name":"wp","href":"https:\/\/api.w.org\/{rel}","templated":true}]}}