{"id":6907,"date":"2019-12-30T12:11:28","date_gmt":"2019-12-30T11:11:28","guid":{"rendered":"https:\/\/www.canelisa.com\/sobre-nostotros\/"},"modified":"2020-12-16T20:01:46","modified_gmt":"2020-12-16T19:01:46","slug":"sobre-nosotros","status":"publish","type":"page","link":"https:\/\/www.canelisa.com\/es\/sobre-nosotros\/","title":{"rendered":"Sobre nosotros"},"content":{"rendered":"<p>[et_pb_section fb_built=\u00bb1&#8243; _builder_version=\u00bb3.22&#8243; background_image=\u00bbhttps:\/\/www.canelisa.com\/wp-content\/uploads\/2018\/01\/Foto-25-09-17-17-10-11-e1515573003445.jpg\u00bb background_blend=\u00bbmultiply\u00bb custom_padding=\u00bb60px|0px|60px|0px\u00bb][et_pb_row _builder_version=\u00bb3.25&#8243; background_size=\u00bbinitial\u00bb background_position=\u00bbtop_left\u00bb background_repeat=\u00bbrepeat\u00bb custom_padding=\u00bb99px|0px|100px|0px\u00bb][et_pb_column type=\u00bb4_4&#8243; _builder_version=\u00bb3.25&#8243; custom_padding=\u00bb|||\u00bb custom_padding__hover=\u00bb|||\u00bb][et_pb_text _builder_version=\u00bb3.27.4&#8243; text_font=\u00bb|700|||||||\u00bb text_font_size=\u00bb22px\u00bb header_font=\u00bb|700||on|||||\u00bb header_font_size=\u00bb40px\u00bb header_line_height=\u00bb1.4em\u00bb text_orientation=\u00bbcenter\u00bb background_layout=\u00bbdark\u00bb text_text_shadow_style=\u00bbpreset1&#8243;]<\/p>\n<h1 style=\"text-align: center;\">sobre nosotros | Linda y Jasper<\/h1>\n<p style=\"text-align: center;\">\u00a1Bienvenido a Can Elisa!<\/p>\n<p>[\/et_pb_text][\/et_pb_column][\/et_pb_row][\/et_pb_section][et_pb_section fb_built=\u00bb1&#8243; _builder_version=\u00bb3.22&#8243;][et_pb_row _builder_version=\u00bb3.25&#8243;][et_pb_column type=\u00bb4_4&#8243; _builder_version=\u00bb3.25&#8243; custom_padding=\u00bb|||\u00bb custom_padding__hover=\u00bb|||\u00bb][et_pb_text _builder_version=\u00bb3.27.4&#8243;]<\/p>\n<h2 class=\"heading\" style=\"text-align: center;\">Can Elisa | Linda y Jasper<\/h2>\n<p>[\/et_pb_text][\/et_pb_column][\/et_pb_row][et_pb_row _builder_version=\u00bb3.25&#8243;][et_pb_column type=\u00bb4_4&#8243; _builder_version=\u00bb3.25&#8243; custom_padding=\u00bb|||\u00bb custom_padding__hover=\u00bb|||\u00bb][et_pb_text _builder_version=\u00bb4.7.4&#8243; hover_enabled=\u00bb0&#8243; sticky_enabled=\u00bb0&#8243;]<\/p>\n<p><span style=\"font-weight: 400;\">Can Elisa es la casa que nos rob\u00f3 el coraz\u00f3n en 2011. Cuando est\u00e1bamos de vacaciones en T\u00e1rbena por primera vez, nos enamoramos de los alrededores del pueblo y la provincia de Alicante en la Costa Blanca, la costa sureste de Espa\u00f1a. La naturaleza, la energ\u00eda del ambiente, la gente\u2026 \u00a1todo nos encantaba! Despu\u00e9s de visitar la zona varias veces, lo supimos con certeza: \u00a1aqu\u00ed estar\u00eda nuestro lugar de vacaciones! Despu\u00e9s de elegir la que ser\u00eda nuestra casa, firmamos el contrato en septiembre de 2014.<\/span><\/p>\n<p><span style=\"font-weight: 400;\">Desde ese momento, no hemos parado de trabajar para conseguir nuestro sue\u00f1o: convertir Can Elisa en un alojamiento rural con encanto, que ahora queremos compartir con nuestros hu\u00e9spedes. Despu\u00e9s de una gran reforma, abrimos nuestras puertas en la primavera de 2016.\u00a0<\/span><\/p>\n<p><span style=\"font-weight: 400;\">El nombre \u00abCan Elisa\u00bb es un homenaje a mi difunta madre Els (la madre de Jasper). \u00abCan\u00bb, en valenciano, significa \u00abcasa\u00bb y \u00abescondite\u00bb.<\/span><\/p>\n<p>[\/et_pb_text][\/et_pb_column][\/et_pb_row][\/et_pb_section][et_pb_section fb_built=\u00bb1&#8243; _builder_version=\u00bb3.22&#8243;][et_pb_row column_structure=\u00bb1_3,1_3,1_3&#8243; use_custom_gutter=\u00bbon\u00bb gutter_width=\u00bb0&#8243; module_class=\u00bb et_pb_row_fullwidth\u00bb _builder_version=\u00bb3.25&#8243; width=\u00bb100%\u00bb width_tablet=\u00bb100%\u00bb width_phone=\u00bb\u00bb width_last_edited=\u00bbon|desktop\u00bb max_width=\u00bb100%\u00bb max_width_tablet=\u00bb100%\u00bb max_width_phone=\u00bb\u00bb max_width_last_edited=\u00bbon|desktop\u00bb custom_margin=\u00bb|||\u00bb custom_padding=\u00bb0px||0px|\u00bb make_fullwidth=\u00bbon\u00bb][et_pb_column type=\u00bb1_3&#8243; _builder_version=\u00bb3.25&#8243; custom_padding=\u00bb|||\u00bb custom_padding__hover=\u00bb|||\u00bb][et_pb_image src=\u00bbhttps:\/\/www.canelisa.com\/wp-content\/uploads\/2017\/03\/jasper2.jpg\u00bb align_tablet=\u00bbcenter\u00bb align_phone=\u00bb\u00bb align_last_edited=\u00bbon|desktop\u00bb _builder_version=\u00bb3.23&#8243;][\/et_pb_image][\/et_pb_column][et_pb_column type=\u00bb1_3&#8243; _builder_version=\u00bb3.25&#8243; custom_padding=\u00bb|||\u00bb custom_padding__hover=\u00bb|||\u00bb][et_pb_image src=\u00bbhttps:\/\/www.canelisa.com\/wp-content\/uploads\/2019\/11\/jasper_linda.jpg\u00bb align_tablet=\u00bbcenter\u00bb align_phone=\u00bb\u00bb align_last_edited=\u00bbon|desktop\u00bb _builder_version=\u00bb3.27.4&#8243;][\/et_pb_image][\/et_pb_column][et_pb_column type=\u00bb1_3&#8243; _builder_version=\u00bb3.25&#8243; custom_padding=\u00bb|||\u00bb custom_padding__hover=\u00bb|||\u00bb][et_pb_image src=\u00bbhttps:\/\/www.canelisa.com\/wp-content\/uploads\/2017\/03\/linda.jpg\u00bb align_tablet=\u00bbcenter\u00bb align_phone=\u00bb\u00bb align_last_edited=\u00bbon|desktop\u00bb _builder_version=\u00bb3.23&#8243; custom_margin=\u00bb|||\u00bb custom_padding=\u00bb|||\u00bb][\/et_pb_image][\/et_pb_column][\/et_pb_row][\/et_pb_section][et_pb_section fb_built=\u00bb1&#8243; _builder_version=\u00bb3.22&#8243;][et_pb_row _builder_version=\u00bb3.25&#8243;][et_pb_column type=\u00bb4_4&#8243; _builder_version=\u00bb3.25&#8243; custom_padding=\u00bb|||\u00bb custom_padding__hover=\u00bb|||\u00bb][et_pb_text _builder_version=\u00bb4.7.4&#8243; hover_enabled=\u00bb0&#8243; sticky_enabled=\u00bb0&#8243;]<\/p>\n<h2 style=\"text-align: center;\"><b>\u00bfQui\u00e9nes somos?<\/b><\/h2>\n<p>[\/et_pb_text][\/et_pb_column][\/et_pb_row][et_pb_row _builder_version=\u00bb3.25&#8243;][et_pb_column type=\u00bb4_4&#8243; _builder_version=\u00bb3.25&#8243; custom_padding=\u00bb|||\u00bb custom_padding__hover=\u00bb|||\u00bb][et_pb_text _builder_version=\u00bb4.7.4&#8243; hover_enabled=\u00bb0&#8243; sticky_enabled=\u00bb0&#8243;]<\/p>\n<p><span style=\"font-weight: 400;\">Hemos vivido en Amersfoort y nos conocimos cuando \u00e9ramos estudiantes, durante nuestra etapa universitaria. Hemos viajado por todo el mundo, pero durante unas vacaciones en Espa\u00f1a nos enamoramos de los alrededores de T\u00e1rbena. Por eso decidimos buscar una casa aqu\u00ed para convertirla en un maravilloso destino de vacaciones.<\/span><\/p>\n<p><span style=\"font-weight: 400;\">Para nosotros es un privilegio vivir en Espa\u00f1a, y poder disfrutar de la casa como ese lugar de nuestros sue\u00f1os\u2026 \u00a1y los de nuestros invitados!<\/span><\/p>\n<p>[\/et_pb_text][\/et_pb_column][\/et_pb_row][\/et_pb_section]<\/p>\n","protected":false},"excerpt":{"rendered":"<p>sobre nosotros | Linda y Jasper \u00a1Bienvenido a Can Elisa!Can Elisa | Linda y JasperCan Elisa es la casa que nos rob\u00f3 el coraz\u00f3n en 2011. Cuando est\u00e1bamos de vacaciones en T\u00e1rbena por primera vez, nos enamoramos de los alrededores del pueblo y la provincia de Alicante en la Costa Blanca, la costa sureste de [&hellip;]<\/p>\n","protected":false},"author":2,"featured_media":0,"parent":0,"menu_order":0,"comment_status":"closed","ping_status":"closed","template":"","meta":{"_et_pb_use_builder":"on","_et_pb_old_content":"","_et_gb_content_width":"","_monsterinsights_skip_tracking":false,"_monsterinsights_sitenote_active":false,"_monsterinsights_sitenote_note":"","_monsterinsights_sitenote_category":0,"ngg_post_thumbnail":0,"footnotes":""},"class_list":["post-6907","page","type-page","status-publish","hentry"],"yoast_head":"<!-- This site is optimized with the Yoast SEO plugin v27.5 - https:\/\/yoast.com\/product\/yoast-seo-wordpress\/ -->\n<title>Linda y Jasper | Can Elisa<\/title>\n<meta name=\"description\" content=\"Una c\u00e1lida bienvenida a Can Elisa, un exclusivo lugar de vacaciones en el hist\u00f3rico pueblo de T\u00e0rbena. Conozca a Jasper y Linda.\" \/>\n<meta name=\"robots\" content=\"index, follow, max-snippet:-1, max-image-preview:large, max-video-preview:-1\" \/>\n<link rel=\"canonical\" href=\"https:\/\/www.canelisa.com\/es\/sobre-nosotros\/\" \/>\n<meta property=\"og:locale\" content=\"es_ES\" \/>\n<meta property=\"og:type\" content=\"article\" \/>\n<meta property=\"og:title\" content=\"Linda y Jasper | Can Elisa\" \/>\n<meta property=\"og:description\" content=\"Una c\u00e1lida bienvenida a Can Elisa, un exclusivo lugar de vacaciones en el hist\u00f3rico pueblo de T\u00e0rbena. Conozca a Jasper y Linda.\" \/>\n<meta property=\"og:url\" content=\"https:\/\/www.canelisa.com\/es\/sobre-nosotros\/\" \/>\n<meta property=\"og:site_name\" content=\"Casa Rural Can Elisa\" \/>\n<meta property=\"article:publisher\" content=\"https:\/\/www.facebook.com\/canelisatarbena\/\" \/>\n<meta property=\"article:modified_time\" content=\"2020-12-16T19:01:46+00:00\" \/>\n<meta name=\"twitter:card\" content=\"summary_large_image\" \/>\n<meta name=\"twitter:label1\" content=\"Tiempo de lectura\" \/>\n\t<meta name=\"twitter:data1\" content=\"4 minutos\" \/>\n<script type=\"application\/ld+json\" class=\"yoast-schema-graph\">{\"@context\":\"https:\\\/\\\/schema.org\",\"@graph\":[{\"@type\":\"WebPage\",\"@id\":\"https:\\\/\\\/www.canelisa.com\\\/es\\\/sobre-nosotros\\\/\",\"url\":\"https:\\\/\\\/www.canelisa.com\\\/es\\\/sobre-nosotros\\\/\",\"name\":\"Linda y Jasper | Can Elisa\",\"isPartOf\":{\"@id\":\"https:\\\/\\\/www.canelisa.com\\\/es\\\/#website\"},\"datePublished\":\"2019-12-30T11:11:28+00:00\",\"dateModified\":\"2020-12-16T19:01:46+00:00\",\"description\":\"Una c\u00e1lida bienvenida a Can Elisa, un exclusivo lugar de vacaciones en el hist\u00f3rico pueblo de T\u00e0rbena. Conozca a Jasper y Linda.\",\"breadcrumb\":{\"@id\":\"https:\\\/\\\/www.canelisa.com\\\/es\\\/sobre-nosotros\\\/#breadcrumb\"},\"inLanguage\":\"es\",\"potentialAction\":[{\"@type\":\"ReadAction\",\"target\":[\"https:\\\/\\\/www.canelisa.com\\\/es\\\/sobre-nosotros\\\/\"]}]},{\"@type\":\"BreadcrumbList\",\"@id\":\"https:\\\/\\\/www.canelisa.com\\\/es\\\/sobre-nosotros\\\/#breadcrumb\",\"itemListElement\":[{\"@type\":\"ListItem\",\"position\":1,\"name\":\"Home\",\"item\":\"https:\\\/\\\/www.canelisa.com\\\/es\\\/\"},{\"@type\":\"ListItem\",\"position\":2,\"name\":\"Sobre nosotros\"}]},{\"@type\":\"WebSite\",\"@id\":\"https:\\\/\\\/www.canelisa.com\\\/es\\\/#website\",\"url\":\"https:\\\/\\\/www.canelisa.com\\\/es\\\/\",\"name\":\"Casa Rural Can Elisa\",\"description\":\"Vakantie aan de Costa Blanca\",\"potentialAction\":[{\"@type\":\"SearchAction\",\"target\":{\"@type\":\"EntryPoint\",\"urlTemplate\":\"https:\\\/\\\/www.canelisa.com\\\/es\\\/?s={search_term_string}\"},\"query-input\":{\"@type\":\"PropertyValueSpecification\",\"valueRequired\":true,\"valueName\":\"search_term_string\"}}],\"inLanguage\":\"es\"}]}<\/script>\n<!-- \/ Yoast SEO plugin. -->","yoast_head_json":{"title":"Linda y Jasper | Can Elisa","description":"Una c\u00e1lida bienvenida a Can Elisa, un exclusivo lugar de vacaciones en el hist\u00f3rico pueblo de T\u00e0rbena. Conozca a Jasper y Linda.","robots":{"index":"index","follow":"follow","max-snippet":"max-snippet:-1","max-image-preview":"max-image-preview:large","max-video-preview":"max-video-preview:-1"},"canonical":"https:\/\/www.canelisa.com\/es\/sobre-nosotros\/","og_locale":"es_ES","og_type":"article","og_title":"Linda y Jasper | Can Elisa","og_description":"Una c\u00e1lida bienvenida a Can Elisa, un exclusivo lugar de vacaciones en el hist\u00f3rico pueblo de T\u00e0rbena. Conozca a Jasper y Linda.","og_url":"https:\/\/www.canelisa.com\/es\/sobre-nosotros\/","og_site_name":"Casa Rural Can Elisa","article_publisher":"https:\/\/www.facebook.com\/canelisatarbena\/","article_modified_time":"2020-12-16T19:01:46+00:00","twitter_card":"summary_large_image","twitter_misc":{"Tiempo de lectura":"4 minutos"},"schema":{"@context":"https:\/\/schema.org","@graph":[{"@type":"WebPage","@id":"https:\/\/www.canelisa.com\/es\/sobre-nosotros\/","url":"https:\/\/www.canelisa.com\/es\/sobre-nosotros\/","name":"Linda y Jasper | Can Elisa","isPartOf":{"@id":"https:\/\/www.canelisa.com\/es\/#website"},"datePublished":"2019-12-30T11:11:28+00:00","dateModified":"2020-12-16T19:01:46+00:00","description":"Una c\u00e1lida bienvenida a Can Elisa, un exclusivo lugar de vacaciones en el hist\u00f3rico pueblo de T\u00e0rbena. Conozca a Jasper y Linda.","breadcrumb":{"@id":"https:\/\/www.canelisa.com\/es\/sobre-nosotros\/#breadcrumb"},"inLanguage":"es","potentialAction":[{"@type":"ReadAction","target":["https:\/\/www.canelisa.com\/es\/sobre-nosotros\/"]}]},{"@type":"BreadcrumbList","@id":"https:\/\/www.canelisa.com\/es\/sobre-nosotros\/#breadcrumb","itemListElement":[{"@type":"ListItem","position":1,"name":"Home","item":"https:\/\/www.canelisa.com\/es\/"},{"@type":"ListItem","position":2,"name":"Sobre nosotros"}]},{"@type":"WebSite","@id":"https:\/\/www.canelisa.com\/es\/#website","url":"https:\/\/www.canelisa.com\/es\/","name":"Casa Rural Can Elisa","description":"Vakantie aan de Costa Blanca","potentialAction":[{"@type":"SearchAction","target":{"@type":"EntryPoint","urlTemplate":"https:\/\/www.canelisa.com\/es\/?s={search_term_string}"},"query-input":{"@type":"PropertyValueSpecification","valueRequired":true,"valueName":"search_term_string"}}],"inLanguage":"es"}]}},"_links":{"self":[{"href":"https:\/\/www.canelisa.com\/es\/wp-json\/wp\/v2\/pages\/6907","targetHints":{"allow":["GET"]}}],"collection":[{"href":"https:\/\/www.canelisa.com\/es\/wp-json\/wp\/v2\/pages"}],"about":[{"href":"https:\/\/www.canelisa.com\/es\/wp-json\/wp\/v2\/types\/page"}],"author":[{"embeddable":true,"href":"https:\/\/www.canelisa.com\/es\/wp-json\/wp\/v2\/users\/2"}],"replies":[{"embeddable":true,"href":"https:\/\/www.canelisa.com\/es\/wp-json\/wp\/v2\/comments?post=6907"}],"version-history":[{"count":1,"href":"https:\/\/www.canelisa.com\/es\/wp-json\/wp\/v2\/pages\/6907\/revisions"}],"predecessor-version":[{"id":8189,"href":"https:\/\/www.canelisa.com\/es\/wp-json\/wp\/v2\/pages\/6907\/revisions\/8189"}],"wp:attachment":[{"href":"https:\/\/www.canelisa.com\/es\/wp-json\/wp\/v2\/media?parent=6907"}],"curies":[{"name":"wp","href":"https:\/\/api.w.org\/{rel}","templated":true}]}}