{"id":6931,"date":"2019-12-30T12:26:40","date_gmt":"2019-12-30T11:26:40","guid":{"rendered":"https:\/\/www.canelisa.com\/tarbena\/"},"modified":"2020-12-16T20:06:10","modified_gmt":"2020-12-16T19:06:10","slug":"tarbena","status":"publish","type":"page","link":"https:\/\/www.canelisa.com\/es\/tarbena\/","title":{"rendered":"Tarbena"},"content":{"rendered":"<p>[et_pb_section fb_built=\u00bb1&#8243; _builder_version=\u00bb3.22&#8243; background_image=\u00bbhttps:\/\/www.canelisa.com\/wp-content\/uploads\/2018\/01\/omgeving_tarbena.jpg\u00bb background_blend=\u00bbmultiply\u00bb custom_padding=\u00bb60px|0px|60px|0px\u00bb][et_pb_row _builder_version=\u00bb3.25&#8243; background_size=\u00bbinitial\u00bb background_position=\u00bbtop_left\u00bb background_repeat=\u00bbrepeat\u00bb custom_padding=\u00bb99px|0px|100px|0px\u00bb][et_pb_column type=\u00bb4_4&#8243; _builder_version=\u00bb3.25&#8243; custom_padding=\u00bb|||\u00bb custom_padding__hover=\u00bb|||\u00bb][et_pb_text _builder_version=\u00bb4.7.4&#8243; text_font=\u00bb|700|||||||\u00bb text_font_size=\u00bb22px\u00bb header_font=\u00bb|700||on|||||\u00bb header_font_size=\u00bb40px\u00bb header_line_height=\u00bb1.4em\u00bb text_orientation=\u00bbcenter\u00bb background_layout=\u00bbdark\u00bb hover_enabled=\u00bb0&#8243; text_text_shadow_style=\u00bbpreset1&#8243; sticky_enabled=\u00bb0&#8243;]<\/p>\n<h1 style=\"text-align: center;\">El pueblo de T\u00c0rbena.<\/h1>\n<p style=\"text-align: center;\">Conozca T\u00e0rbena, un pueblo con una gran historia.<\/p>\n<p>[\/et_pb_text][\/et_pb_column][\/et_pb_row][\/et_pb_section][et_pb_section fb_built=\u00bb1&#8243; _builder_version=\u00bb3.22&#8243; custom_margin=\u00bb0px||0px|\u00bb custom_padding=\u00bb0px||0px|\u00bb][et_pb_row _builder_version=\u00bb3.25&#8243;][et_pb_column type=\u00bb4_4&#8243; _builder_version=\u00bb3.25&#8243; custom_padding=\u00bb|||\u00bb custom_padding__hover=\u00bb|||\u00bb][et_pb_text _builder_version=\u00bb3.27.4&#8243; text_font=\u00bb||||||||\u00bb]<\/p>\n<h2 class=\"heading\" style=\"text-align: center;\">T\u00c0RBENA<\/h2>\n<p>[\/et_pb_text][\/et_pb_column][\/et_pb_row][et_pb_row _builder_version=\u00bb3.25&#8243;][et_pb_column type=\u00bb4_4&#8243; _builder_version=\u00bb3.25&#8243; custom_padding=\u00bb|||\u00bb custom_padding__hover=\u00bb|||\u00bb][et_pb_text _builder_version=\u00bb4.7.4&#8243; hover_enabled=\u00bb0&#8243; sticky_enabled=\u00bb0&#8243;]<\/p>\n<p><span style=\"font-weight: 400;\">T\u00e1rbena se encuentra en el coraz\u00f3n de la provincia de Alicante y enclavado en las monta\u00f1as. Es un peque\u00f1o pueblo de calles estrechas y sinuosas, preciosas vistas y varias fuentes naturales de agua. T\u00e1rbena est\u00e1 rodeada de huertos, de almendros y aqu\u00ed se respira un ambiente tranquilo, aut\u00e9nticamente espa\u00f1ol. Entre enero y marzo, las monta\u00f1as alrededor de T\u00e0rbena se vuelven blancas y rosadas porque los almendros est\u00e1n llenos de flores.<\/span><\/p>\n<p><span style=\"font-weight: 400;\">El entorno de T\u00e0rbena es perfecto para unas vacaciones de turismo activo: aqu\u00ed puedes hacer rutas de senderismo, andar en bicicleta, escalar y hacer actividades en el mar, como snorkel, kayak o submarinismo. \u00bfPrefieres relajarte? Tambi\u00e9n puedes hacerlo, simplemente disfrutando de la naturaleza, la gran variedad de restaurantes, las playas\u2026 \u00a1y la vida espa\u00f1ola!<\/span><\/p>\n<p>[\/et_pb_text][\/et_pb_column][\/et_pb_row][\/et_pb_section][et_pb_section fb_built=\u00bb1&#8243; _builder_version=\u00bb3.22&#8243; custom_margin=\u00bb||0px|\u00bb custom_padding=\u00bb||0px|\u00bb][et_pb_row column_structure=\u00bb1_3,1_3,1_3&#8243; use_custom_gutter=\u00bbon\u00bb gutter_width=\u00bb0&#8243; module_class=\u00bb et_pb_row_fullwidth\u00bb _builder_version=\u00bb3.25&#8243; width=\u00bb100%\u00bb width_tablet=\u00bb100%\u00bb width_phone=\u00bb\u00bb width_last_edited=\u00bbon|desktop\u00bb max_width=\u00bb100%\u00bb max_width_tablet=\u00bb100%\u00bb max_width_phone=\u00bb\u00bb max_width_last_edited=\u00bbon|desktop\u00bb custom_margin=\u00bb|||\u00bb custom_padding=\u00bb0px||0px|\u00bb make_fullwidth=\u00bbon\u00bb][et_pb_column type=\u00bb1_3&#8243; _builder_version=\u00bb3.25&#8243; custom_padding=\u00bb|||\u00bb custom_padding__hover=\u00bb|||\u00bb][et_pb_image src=\u00bbhttps:\/\/www.canelisa.com\/wp-content\/uploads\/2018\/06\/IMG_20170803_1426232.jpg\u00bb align_tablet=\u00bbcenter\u00bb align_phone=\u00bb\u00bb align_last_edited=\u00bbon|desktop\u00bb _builder_version=\u00bb3.23&#8243;][\/et_pb_image][\/et_pb_column][et_pb_column type=\u00bb1_3&#8243; _builder_version=\u00bb3.25&#8243; custom_padding=\u00bb|||\u00bb custom_padding__hover=\u00bb|||\u00bb][et_pb_image src=\u00bbhttps:\/\/www.canelisa.com\/wp-content\/uploads\/2018\/06\/IMG_5448.jpg\u00bb force_fullwidth=\u00bbon\u00bb align_tablet=\u00bbcenter\u00bb align_phone=\u00bb\u00bb align_last_edited=\u00bbon|desktop\u00bb _builder_version=\u00bb3.23&#8243; max_width_tablet=\u00bb\u00bb max_width_phone=\u00bb\u00bb max_width_last_edited=\u00bbon|phone\u00bb][\/et_pb_image][\/et_pb_column][et_pb_column type=\u00bb1_3&#8243; _builder_version=\u00bb3.25&#8243; custom_padding=\u00bb|||\u00bb custom_padding__hover=\u00bb|||\u00bb][et_pb_image src=\u00bbhttps:\/\/www.canelisa.com\/wp-content\/uploads\/2018\/02\/Foto-01-01-18-15-58-39-e1517830010779.jpg\u00bb force_fullwidth=\u00bbon\u00bb align_tablet=\u00bbcenter\u00bb align_phone=\u00bb\u00bb align_last_edited=\u00bbon|desktop\u00bb _builder_version=\u00bb3.23&#8243; custom_margin=\u00bb|||\u00bb custom_padding=\u00bb|||\u00bb][\/et_pb_image][\/et_pb_column][\/et_pb_row][\/et_pb_section][et_pb_section fb_built=\u00bb1&#8243; _builder_version=\u00bb3.22&#8243;][et_pb_row _builder_version=\u00bb3.25&#8243; custom_padding=\u00bb27px|0px|28px|0px\u00bb][et_pb_column type=\u00bb4_4&#8243; _builder_version=\u00bb3.25&#8243; custom_padding=\u00bb|||\u00bb custom_padding__hover=\u00bb|||\u00bb][et_pb_text _builder_version=\u00bb3.27.4&#8243;]<\/p>\n<h2 class=\"heading\" style=\"text-align: center;\">QUE PUEDES HACER EN T\u00c0RBENA<\/h2>\n<p>[\/et_pb_text][\/et_pb_column][\/et_pb_row][et_pb_row column_structure=\u00bb1_2,1_2&#8243; _builder_version=\u00bb3.25&#8243;][et_pb_column type=\u00bb1_2&#8243; _builder_version=\u00bb3.25&#8243; custom_padding=\u00bb|||\u00bb custom_padding__hover=\u00bb|||\u00bb][et_pb_text _builder_version=\u00bb4.7.4&#8243; hover_enabled=\u00bb0&#8243; sticky_enabled=\u00bb0&#8243;]<\/p>\n<p><span style=\"font-weight: 400;\">Aunque el pueblo de T\u00e0rbena es peque\u00f1o, ya que tiene 600 habitantes, tiene de todo: un supermercado donde puedes comprar, todos los jueves hay un mercado local donde, entre otras cosas, los productores locales venden frutas y verduras frescas de la regi\u00f3n.\u00a0<\/span><\/p>\n<p>\u00a0<span style=\"font-weight: 400;\">Adem\u00e1s, para comprar pan tampoco te tienes que ir muy lejos, ya que T\u00e1rbena tiene 2 panader\u00edas, una de las cuales hornea de forma tradicional con fuego de le\u00f1a.<\/span><\/p>\n<p><span style=\"font-weight: 400;\">Y si hablamos de gastronom\u00eda\u2026 \u00a1tambi\u00e9n est\u00e1s en el lugar correcto!<\/span><\/p>\n<p><span style=\"font-weight: 400;\">T\u00e1rbena tiene 8 bares y restaurantes con diferentes cocinas. \u00bfQuieres comer una deliciosa paella? \u00bfTe gustan las delicias gastron\u00f3micas o quieres sentarte en uno de los bares y probar las deliciosas tapas espa\u00f1olas? Podr\u00e1s elegir.<\/span><\/p>\n<p><span style=\"font-weight: 400;\">Tambi\u00e9n hay una pasteler\u00eda con deliciosos pasteles, una farmacia y dos piscinas: una de ellas, Sa Piscina es la piscina del pueblo, donde los lugare\u00f1os se ba\u00f1an y disfrutan de un refresco en el restaurante, y a la que t\u00fa tambi\u00e9n puedes ir.<\/span><\/p>\n<p><span style=\"font-weight: 400;\">En la piscina del restaurante Sa Cantarella, disfrutar\u00e1s de un almuerzo en la terraza con hermosas vistas y luego podr\u00e1s refrescarte en la piscina.<\/span><\/p>\n<p><span style=\"font-weight: 400;\">Aseg\u00farate de visitar al fabricante de salchichas Petito. Aqu\u00ed podr\u00e1s comprar la sobrasada, basada en la receta mallorquina. No te olvides probar el chorizo \u200b\u200by el salchich\u00f3n.<\/span><\/p>\n<p>[\/et_pb_text][\/et_pb_column][et_pb_column type=\u00bb1_2&#8243; _builder_version=\u00bb3.25&#8243; custom_padding=\u00bb|||\u00bb custom_padding__hover=\u00bb|||\u00bb][et_pb_image src=\u00bbhttps:\/\/www.canelisa.com\/wp-content\/uploads\/2018\/06\/IMG_4286.jpg\u00bb force_fullwidth=\u00bbon\u00bb align_tablet=\u00bbcenter\u00bb align_phone=\u00bb\u00bb align_last_edited=\u00bbon|desktop\u00bb _builder_version=\u00bb3.23&#8243; max_width_tablet=\u00bb\u00bb max_width_phone=\u00bb\u00bb max_width_last_edited=\u00bbon|phone\u00bb][\/et_pb_image][\/et_pb_column][\/et_pb_row][\/et_pb_section][et_pb_section fb_built=\u00bb1&#8243; _builder_version=\u00bb3.22&#8243;][et_pb_row _builder_version=\u00bb3.25&#8243; custom_padding=\u00bb27px|0px|28px|0px\u00bb][et_pb_column type=\u00bb4_4&#8243; _builder_version=\u00bb3.25&#8243; custom_padding=\u00bb|||\u00bb custom_padding__hover=\u00bb|||\u00bb][et_pb_text _builder_version=\u00bb3.27.4&#8243;]<\/p>\n<h2 class=\"heading\" style=\"text-align: center;\">CULTURA EN T\u00c0RBENA<\/h2>\n<p>[\/et_pb_text][\/et_pb_column][\/et_pb_row][et_pb_row column_structure=\u00bb1_2,1_2&#8243; _builder_version=\u00bb3.25&#8243;][et_pb_column type=\u00bb1_2&#8243; _builder_version=\u00bb3.25&#8243; custom_padding=\u00bb|||\u00bb custom_padding__hover=\u00bb|||\u00bb][et_pb_text _builder_version=\u00bb4.7.4&#8243; hover_enabled=\u00bb0&#8243; sticky_enabled=\u00bb0&#8243;]<\/p>\n<p><span style=\"font-weight: 400;\">Adem\u00e1s de buena comida y de disfrutar de la vida espa\u00f1ola, tambi\u00e9n hay mucho que ver en el pueblo de T\u00e1rbena y sus alrededores.<\/span><\/p>\n<p><span style=\"font-weight: 400;\">T\u00e0rbena tambi\u00e9n es el punto de partida para los paseos m\u00e1s bellos de la Costa Blanca, ya que varias rutas comienzan desde el pueblo.<\/span><\/p>\n<p><span style=\"font-weight: 400;\">Uno de los paseos te lleva a Sa Caseta de Moros: esta ruina es un vestigio de un castillo \u00e1rabe. \u00a1Y la vista desde aqu\u00ed es impresionante!<\/span><\/p>\n<p><span style=\"font-weight: 400;\">T\u00e1rbena est\u00e1 construido alrededor de varias fuentes de agua, muchas de las cuales a\u00fan funcionan hoy en d\u00eda y se usan para beber agua. Bastar\u00e1 que des un paseo por el pruebo para descubrir varias.\u00a0<\/span><\/p>\n<p><span style=\"font-weight: 400;\">Si quieres hacer una parada, si\u00e9ntate en la terraza del Bar Plaza, en la Plaza Mayor, justo bajo la iglesia.<\/span><\/p>\n<p>[\/et_pb_text][\/et_pb_column][et_pb_column type=\u00bb1_2&#8243; _builder_version=\u00bb3.25&#8243; custom_padding=\u00bb|||\u00bb custom_padding__hover=\u00bb|||\u00bb][et_pb_image src=\u00bbhttps:\/\/www.canelisa.com\/wp-content\/uploads\/2018\/06\/IMG_20170817_1151272.jpg\u00bb force_fullwidth=\u00bbon\u00bb align_tablet=\u00bbcenter\u00bb align_phone=\u00bb\u00bb align_last_edited=\u00bbon|desktop\u00bb _builder_version=\u00bb3.23&#8243;][\/et_pb_image][\/et_pb_column][\/et_pb_row][\/et_pb_section][et_pb_section fb_built=\u00bb1&#8243; _builder_version=\u00bb3.22&#8243;][et_pb_row column_structure=\u00bb1_2,1_2&#8243; _builder_version=\u00bb3.25&#8243;][et_pb_column type=\u00bb1_2&#8243; _builder_version=\u00bb3.25&#8243; custom_padding=\u00bb|||\u00bb custom_padding__hover=\u00bb|||\u00bb][et_pb_text _builder_version=\u00bb3.27.4&#8243;]<\/p>\n<h3>SA PISCINA<\/h3>\n<p>[\/et_pb_text][et_pb_text _builder_version=\u00bb4.7.4&#8243; hover_enabled=\u00bb0&#8243; sticky_enabled=\u00bb0&#8243;]<\/p>\n<p><span style=\"font-weight: 400;\">Al igual que muchos pueblos espa\u00f1oles, T\u00e1rbena tiene su propia piscina municipal. El agua es escasa en Espa\u00f1a y, por lo tanto, las piscinas privadas no est\u00e1n permitidas. En la piscina hay un peque\u00f1o bar \/ restaurante, por lo que no te faltar\u00e1 nada.<\/span><\/p>\n<p>&nbsp;<\/p>\n<p>[\/et_pb_text][\/et_pb_column][et_pb_column type=\u00bb1_2&#8243; _builder_version=\u00bb3.25&#8243; custom_padding=\u00bb|||\u00bb custom_padding__hover=\u00bb|||\u00bb][et_pb_image src=\u00bbhttps:\/\/www.canelisa.com\/wp-content\/uploads\/2018\/01\/piscina-tarbena.jpg\u00bb align_tablet=\u00bbcenter\u00bb align_phone=\u00bb\u00bb align_last_edited=\u00bbon|desktop\u00bb _builder_version=\u00bb3.23&#8243;][\/et_pb_image][\/et_pb_column][\/et_pb_row][et_pb_row _builder_version=\u00bb3.25&#8243; custom_padding=\u00bb27px|0px|28px|0px\u00bb][et_pb_column type=\u00bb4_4&#8243; _builder_version=\u00bb3.25&#8243; custom_padding=\u00bb|||\u00bb custom_padding__hover=\u00bb|||\u00bb][et_pb_text _builder_version=\u00bb3.27.4&#8243;]<\/p>\n<h2 class=\"heading\" style=\"text-align: center;\">LA HISTORIA DE T\u00c0RBENA<\/h2>\n<p>[\/et_pb_text][\/et_pb_column][\/et_pb_row][et_pb_row _builder_version=\u00bb3.25&#8243;][et_pb_column type=\u00bb4_4&#8243; _builder_version=\u00bb3.25&#8243; custom_padding=\u00bb|||\u00bb custom_padding__hover=\u00bb|||\u00bb][et_pb_text _builder_version=\u00bb4.7.4&#8243; hover_enabled=\u00bb0&#8243; sticky_enabled=\u00bb0&#8243;]<\/p>\n<p><span style=\"font-weight: 400;\">El origen de T\u00e1rbena se remonta a la prehistoria. En las cuevas \u00abCoveta de les Lletres\u00bb y \u00abCove de Dalt\u00bb puedes encontrar rastros dejados por los residentes primitivos. Pero poco se sabe sobre la \u00e9poca anterior a 1607. Los \u00e1rabes fueron perseguidos por Felipe III desde Espa\u00f1a, despu\u00e9s de lo cual los habitantes de Arag\u00f3n y Catalu\u00f1a se fueron a las monta\u00f1as.<\/span><\/p>\n<p><span style=\"font-weight: 400;\">Diecisiete familias de Mallorca se establecieron en T\u00e1rbena y trajeron su propio idioma y costumbres. Por eso, los vecinos del pueblo todav\u00eda hablan el dialecto mallorqu\u00edn y preparan la t\u00edpica sobrasada mallorquina a la manera tradicional.\u00a0<\/span><\/p>\n<p><span style=\"font-weight: 400;\">El nombre T\u00e1rbena tiene un significado ib\u00e9rico: \u00abTarb\u00bb significa alto, por la altitud a la que se encuentra el pueblo.\u00a0<\/span><\/p>\n<p>[\/et_pb_text][\/et_pb_column][\/et_pb_row][\/et_pb_section][et_pb_section fb_built=\u00bb1&#8243; _builder_version=\u00bb3.22&#8243; custom_margin=\u00bb0px|||\u00bb custom_padding=\u00bb0px|||\u00bb][et_pb_row _builder_version=\u00bb3.25&#8243;][et_pb_column type=\u00bb4_4&#8243; _builder_version=\u00bb3.25&#8243; custom_padding=\u00bb|||\u00bb custom_padding__hover=\u00bb|||\u00bb][et_pb_video src=\u00bbhttps:\/\/youtu.be\/azIf_1Vk6lg\u00bb _builder_version=\u00bb3.15&#8243;][\/et_pb_video][\/et_pb_column][\/et_pb_row][\/et_pb_section]<\/p>\n","protected":false},"excerpt":{"rendered":"<p>El pueblo de T\u00c0rbena. Conozca T\u00e0rbena, un pueblo con una gran historia. T\u00c0RBENA T\u00e1rbena se encuentra en el coraz\u00f3n de la provincia de Alicante y enclavado en las monta\u00f1as. Es un peque\u00f1o pueblo de calles estrechas y sinuosas, preciosas vistas y varias fuentes naturales de agua. T\u00e1rbena est\u00e1 rodeada de huertos, de almendros y aqu\u00ed [&hellip;]<\/p>\n","protected":false},"author":2,"featured_media":0,"parent":0,"menu_order":0,"comment_status":"closed","ping_status":"closed","template":"","meta":{"_et_pb_use_builder":"on","_et_pb_old_content":"","_et_gb_content_width":"","_monsterinsights_skip_tracking":false,"_monsterinsights_sitenote_active":false,"_monsterinsights_sitenote_note":"","_monsterinsights_sitenote_category":0,"ngg_post_thumbnail":0,"footnotes":""},"class_list":["post-6931","page","type-page","status-publish","hentry"],"yoast_head":"<!-- This site is optimized with the Yoast SEO plugin v27.4 - https:\/\/yoast.com\/product\/yoast-seo-wordpress\/ -->\n<title>El pueblo de T\u00e0rbena | Can Elisa<\/title>\n<meta name=\"description\" content=\"\u00bfDe vacaciones en la Costa Blanca, cerca de la playa en las monta\u00f1as? \u00a1Conozca T\u00e0rbena, un pueblo con una rica historia!\" \/>\n<meta name=\"robots\" content=\"index, follow, max-snippet:-1, max-image-preview:large, max-video-preview:-1\" \/>\n<link rel=\"canonical\" href=\"https:\/\/www.canelisa.com\/es\/tarbena\/\" \/>\n<meta property=\"og:locale\" content=\"es_ES\" \/>\n<meta property=\"og:type\" content=\"article\" \/>\n<meta property=\"og:title\" content=\"El pueblo de T\u00e0rbena | Can Elisa\" \/>\n<meta property=\"og:description\" content=\"\u00bfDe vacaciones en la Costa Blanca, cerca de la playa en las monta\u00f1as? \u00a1Conozca T\u00e0rbena, un pueblo con una rica historia!\" \/>\n<meta property=\"og:url\" content=\"https:\/\/www.canelisa.com\/es\/tarbena\/\" \/>\n<meta property=\"og:site_name\" content=\"Casa Rural Can Elisa\" \/>\n<meta property=\"article:publisher\" content=\"https:\/\/www.facebook.com\/canelisatarbena\/\" \/>\n<meta property=\"article:modified_time\" content=\"2020-12-16T19:06:10+00:00\" \/>\n<meta name=\"twitter:card\" content=\"summary_large_image\" \/>\n<meta name=\"twitter:label1\" content=\"Tiempo de lectura\" \/>\n\t<meta name=\"twitter:data1\" content=\"8 minutos\" \/>\n<script type=\"application\/ld+json\" class=\"yoast-schema-graph\">{\"@context\":\"https:\\\/\\\/schema.org\",\"@graph\":[{\"@type\":\"WebPage\",\"@id\":\"https:\\\/\\\/www.canelisa.com\\\/es\\\/tarbena\\\/\",\"url\":\"https:\\\/\\\/www.canelisa.com\\\/es\\\/tarbena\\\/\",\"name\":\"El pueblo de T\u00e0rbena | Can Elisa\",\"isPartOf\":{\"@id\":\"https:\\\/\\\/www.canelisa.com\\\/es\\\/#website\"},\"datePublished\":\"2019-12-30T11:26:40+00:00\",\"dateModified\":\"2020-12-16T19:06:10+00:00\",\"description\":\"\u00bfDe vacaciones en la Costa Blanca, cerca de la playa en las monta\u00f1as? \u00a1Conozca T\u00e0rbena, un pueblo con una rica historia!\",\"breadcrumb\":{\"@id\":\"https:\\\/\\\/www.canelisa.com\\\/es\\\/tarbena\\\/#breadcrumb\"},\"inLanguage\":\"es\",\"potentialAction\":[{\"@type\":\"ReadAction\",\"target\":[\"https:\\\/\\\/www.canelisa.com\\\/es\\\/tarbena\\\/\"]}]},{\"@type\":\"BreadcrumbList\",\"@id\":\"https:\\\/\\\/www.canelisa.com\\\/es\\\/tarbena\\\/#breadcrumb\",\"itemListElement\":[{\"@type\":\"ListItem\",\"position\":1,\"name\":\"Home\",\"item\":\"https:\\\/\\\/www.canelisa.com\\\/es\\\/\"},{\"@type\":\"ListItem\",\"position\":2,\"name\":\"Tarbena\"}]},{\"@type\":\"WebSite\",\"@id\":\"https:\\\/\\\/www.canelisa.com\\\/es\\\/#website\",\"url\":\"https:\\\/\\\/www.canelisa.com\\\/es\\\/\",\"name\":\"Casa Rural Can Elisa\",\"description\":\"Vakantie aan de Costa Blanca\",\"potentialAction\":[{\"@type\":\"SearchAction\",\"target\":{\"@type\":\"EntryPoint\",\"urlTemplate\":\"https:\\\/\\\/www.canelisa.com\\\/es\\\/?s={search_term_string}\"},\"query-input\":{\"@type\":\"PropertyValueSpecification\",\"valueRequired\":true,\"valueName\":\"search_term_string\"}}],\"inLanguage\":\"es\"}]}<\/script>\n<!-- \/ Yoast SEO plugin. -->","yoast_head_json":{"title":"El pueblo de T\u00e0rbena | Can Elisa","description":"\u00bfDe vacaciones en la Costa Blanca, cerca de la playa en las monta\u00f1as? \u00a1Conozca T\u00e0rbena, un pueblo con una rica historia!","robots":{"index":"index","follow":"follow","max-snippet":"max-snippet:-1","max-image-preview":"max-image-preview:large","max-video-preview":"max-video-preview:-1"},"canonical":"https:\/\/www.canelisa.com\/es\/tarbena\/","og_locale":"es_ES","og_type":"article","og_title":"El pueblo de T\u00e0rbena | Can Elisa","og_description":"\u00bfDe vacaciones en la Costa Blanca, cerca de la playa en las monta\u00f1as? \u00a1Conozca T\u00e0rbena, un pueblo con una rica historia!","og_url":"https:\/\/www.canelisa.com\/es\/tarbena\/","og_site_name":"Casa Rural Can Elisa","article_publisher":"https:\/\/www.facebook.com\/canelisatarbena\/","article_modified_time":"2020-12-16T19:06:10+00:00","twitter_card":"summary_large_image","twitter_misc":{"Tiempo de lectura":"8 minutos"},"schema":{"@context":"https:\/\/schema.org","@graph":[{"@type":"WebPage","@id":"https:\/\/www.canelisa.com\/es\/tarbena\/","url":"https:\/\/www.canelisa.com\/es\/tarbena\/","name":"El pueblo de T\u00e0rbena | Can Elisa","isPartOf":{"@id":"https:\/\/www.canelisa.com\/es\/#website"},"datePublished":"2019-12-30T11:26:40+00:00","dateModified":"2020-12-16T19:06:10+00:00","description":"\u00bfDe vacaciones en la Costa Blanca, cerca de la playa en las monta\u00f1as? \u00a1Conozca T\u00e0rbena, un pueblo con una rica historia!","breadcrumb":{"@id":"https:\/\/www.canelisa.com\/es\/tarbena\/#breadcrumb"},"inLanguage":"es","potentialAction":[{"@type":"ReadAction","target":["https:\/\/www.canelisa.com\/es\/tarbena\/"]}]},{"@type":"BreadcrumbList","@id":"https:\/\/www.canelisa.com\/es\/tarbena\/#breadcrumb","itemListElement":[{"@type":"ListItem","position":1,"name":"Home","item":"https:\/\/www.canelisa.com\/es\/"},{"@type":"ListItem","position":2,"name":"Tarbena"}]},{"@type":"WebSite","@id":"https:\/\/www.canelisa.com\/es\/#website","url":"https:\/\/www.canelisa.com\/es\/","name":"Casa Rural Can Elisa","description":"Vakantie aan de Costa Blanca","potentialAction":[{"@type":"SearchAction","target":{"@type":"EntryPoint","urlTemplate":"https:\/\/www.canelisa.com\/es\/?s={search_term_string}"},"query-input":{"@type":"PropertyValueSpecification","valueRequired":true,"valueName":"search_term_string"}}],"inLanguage":"es"}]}},"_links":{"self":[{"href":"https:\/\/www.canelisa.com\/es\/wp-json\/wp\/v2\/pages\/6931","targetHints":{"allow":["GET"]}}],"collection":[{"href":"https:\/\/www.canelisa.com\/es\/wp-json\/wp\/v2\/pages"}],"about":[{"href":"https:\/\/www.canelisa.com\/es\/wp-json\/wp\/v2\/types\/page"}],"author":[{"embeddable":true,"href":"https:\/\/www.canelisa.com\/es\/wp-json\/wp\/v2\/users\/2"}],"replies":[{"embeddable":true,"href":"https:\/\/www.canelisa.com\/es\/wp-json\/wp\/v2\/comments?post=6931"}],"version-history":[{"count":1,"href":"https:\/\/www.canelisa.com\/es\/wp-json\/wp\/v2\/pages\/6931\/revisions"}],"predecessor-version":[{"id":8193,"href":"https:\/\/www.canelisa.com\/es\/wp-json\/wp\/v2\/pages\/6931\/revisions\/8193"}],"wp:attachment":[{"href":"https:\/\/www.canelisa.com\/es\/wp-json\/wp\/v2\/media?parent=6931"}],"curies":[{"name":"wp","href":"https:\/\/api.w.org\/{rel}","templated":true}]}}