{"id":7623,"date":"2020-08-01T19:03:48","date_gmt":"2020-08-01T17:03:48","guid":{"rendered":"https:\/\/www.canelisa.com\/?page_id=7623"},"modified":"2020-12-16T20:09:11","modified_gmt":"2020-12-16T19:09:11","slug":"les-fonts-d-algar","status":"publish","type":"page","link":"https:\/\/www.canelisa.com\/es\/les-fonts-d-algar\/","title":{"rendered":"Les Fonts d\u2019Algar"},"content":{"rendered":"<p>[et_pb_section fb_built=\u00bb1&#8243; _builder_version=\u00bb4.5.2&#8243; background_image=\u00bbhttps:\/\/www.canelisa.com\/wp-content\/uploads\/2020\/08\/fonts_algar3.jpg\u00bb background_blend=\u00bbmultiply\u00bb custom_padding=\u00bb60px|0px|60px|0px\u00bb][et_pb_row _builder_version=\u00bb3.25&#8243; background_size=\u00bbinitial\u00bb background_position=\u00bbtop_left\u00bb background_repeat=\u00bbrepeat\u00bb custom_padding=\u00bb99px|0px|100px|0px\u00bb][et_pb_column type=\u00bb4_4&#8243; _builder_version=\u00bb3.25&#8243; custom_padding=\u00bb|||\u00bb custom_padding__hover=\u00bb|||\u00bb][et_pb_text _builder_version=\u00bb4.5.2&#8243; text_font=\u00bb|700|||||||\u00bb text_font_size=\u00bb22px\u00bb header_font=\u00bb|700||on|||||\u00bb header_font_size=\u00bb40px\u00bb header_line_height=\u00bb1.4em\u00bb text_orientation=\u00bbcenter\u00bb background_layout=\u00bbdark\u00bb text_text_shadow_style=\u00bbpreset1&#8243;]<\/p>\n<h1 style=\"text-align: center;\">Les Fonts d\u2019Algar<\/h1>\n<p style=\"text-align: center;\">Las Piscinas Naturales de Las Fuentes del Algar\u00a0de Callos d&#8217;en Sarria<\/p>\n<p>[\/et_pb_text][\/et_pb_column][\/et_pb_row][\/et_pb_section][et_pb_section fb_built=\u00bb1&#8243; _builder_version=\u00bb3.22&#8243;][et_pb_row _builder_version=\u00bb3.25&#8243;][et_pb_column type=\u00bb4_4&#8243; _builder_version=\u00bb3.25&#8243; custom_padding=\u00bb|||\u00bb custom_padding__hover=\u00bb|||\u00bb][et_pb_text _builder_version=\u00bb4.7.4&#8243; hover_enabled=\u00bb0&#8243; sticky_enabled=\u00bb0&#8243;]<\/p>\n<h2 class=\"heading\" style=\"text-align: center;\">LAS HERMOSAS CASCADAS DE LES FONTS DE L&#8217;ALGAR CON SUS PISCINAS NATURALES<\/h2>\n<p>[\/et_pb_text][\/et_pb_column][\/et_pb_row][et_pb_row _builder_version=\u00bb3.25&#8243;][et_pb_column type=\u00bb4_4&#8243; _builder_version=\u00bb3.25&#8243; custom_padding=\u00bb|||\u00bb custom_padding__hover=\u00bb|||\u00bb][et_pb_text _builder_version=\u00bb4.7.4&#8243; hover_enabled=\u00bb0&#8243; sticky_enabled=\u00bb0&#8243;]<\/p>\n<p><span style=\"font-weight: 400;\">Muy cerca de T\u00e1rbena se encuentran las hermosas cascadas de Les Fonts de l\u2019Algar con su piscinas naturales, justo en el interior del bonito pueblo de Callosa d\u00b4en Sarri\u00e0. A solo 15 kil\u00f3metros de la ciudad de Benidorm y a 8 kil\u00f3metros de T\u00e1rbena encontrar\u00e1s este paraje natural que no te dejar\u00e1 indiferente por el eminente grado de conservaci\u00f3n de la riqueza ecol\u00f3gica. Adem\u00e1s, este espacio ha sido declarado \u00e1rea protegida por el gobierno de la Comunidad Valenciana desde el 10 de septiembre de 2002.<\/span><\/p>\n<p><b>\u00bfY qu\u00e9 caracteriza a este paraje natural?<\/b><span style=\"font-weight: 400;\">\u00a0Un conjunto de hermosas cascadas conectadas por peque\u00f1os r\u00edos de agua cristalina donde podr\u00e1s ba\u00f1arte y disfrutar del paisaje, sumergi\u00e9ndote en las diferentes rutas de senderismo que ofrece la zona. El recorrido se extiende 1,5 kil\u00f3metros de longitud a lo largo del cauce del r\u00edo Algar, donde podr\u00e1s contemplar las espectaculares cascadas, las numerosas fuentes manantiales que brotan de la roca y las piscinas naturales. En todas estas zonas podr\u00e1s disfrutar de agradables y refrescantes ba\u00f1os de aguas puras y transparentes, consideradas antiguamente como fuentes de salud.<\/span><\/p>\n<p><span style=\"font-weight: 400;\">Adem\u00e1s, algo caracter\u00edstico de Les Fons de l\u00b4Algar son los servicios que ofrece la zona, orientados a enriquecer la visita con numerosos recursos de educaci\u00f3n medioambiental como la Oficina de Turismo, las zonas de picnic, las \u00e1reas de aparcamiento, primeros auxilios, los servicios y el camping.<\/span><\/p>\n<p><span style=\"font-weight: 400;\">A todo ello, cabe a\u00f1adir el Dino Park Algar, as\u00ed como los 5 restaurantes existentes justo a la entrada, donde podr\u00e1s disfrutar de la gastronom\u00eda mediterr\u00e1nea t\u00edpica de la zona.<\/span><\/p>\n<p>[\/et_pb_text][\/et_pb_column][\/et_pb_row][\/et_pb_section][et_pb_section fb_built=\u00bb1&#8243; _builder_version=\u00bb3.22&#8243;][et_pb_row column_structure=\u00bb1_3,1_3,1_3&#8243; use_custom_gutter=\u00bbon\u00bb gutter_width=\u00bb0&#8243; module_class=\u00bb et_pb_row_fullwidth\u00bb _builder_version=\u00bb3.25&#8243; width=\u00bb100%\u00bb width_tablet=\u00bb100%\u00bb width_phone=\u00bb\u00bb width_last_edited=\u00bbon|desktop\u00bb max_width=\u00bb100%\u00bb max_width_tablet=\u00bb100%\u00bb max_width_phone=\u00bb\u00bb max_width_last_edited=\u00bbon|desktop\u00bb custom_margin=\u00bb|||\u00bb custom_padding=\u00bb0px||0px|\u00bb make_fullwidth=\u00bbon\u00bb][et_pb_column type=\u00bb1_3&#8243; _builder_version=\u00bb3.25&#8243; custom_padding=\u00bb|||\u00bb custom_padding__hover=\u00bb|||\u00bb][et_pb_image src=\u00bbhttps:\/\/www.canelisa.com\/wp-content\/uploads\/2020\/08\/fonts_algar3.jpg\u00bb title_text=\u00bbfonts_algar3&#8243; align_tablet=\u00bbcenter\u00bb align_phone=\u00bb\u00bb align_last_edited=\u00bbon|desktop\u00bb _builder_version=\u00bb4.5.2&#8243;][\/et_pb_image][\/et_pb_column][et_pb_column type=\u00bb1_3&#8243; _builder_version=\u00bb3.25&#8243; custom_padding=\u00bb|||\u00bb custom_padding__hover=\u00bb|||\u00bb][et_pb_image src=\u00bbhttps:\/\/www.canelisa.com\/wp-content\/uploads\/2020\/08\/fonts_algar2.jpg\u00bb title_text=\u00bbfonts_algar2&#8243; align_tablet=\u00bbcenter\u00bb align_phone=\u00bb\u00bb align_last_edited=\u00bbon|desktop\u00bb _builder_version=\u00bb4.5.2&#8243;][\/et_pb_image][\/et_pb_column][et_pb_column type=\u00bb1_3&#8243; _builder_version=\u00bb3.25&#8243; custom_padding=\u00bb|||\u00bb custom_padding__hover=\u00bb|||\u00bb][et_pb_image src=\u00bbhttps:\/\/www.canelisa.com\/wp-content\/uploads\/2020\/08\/fonts_algar1.jpg\u00bb title_text=\u00bbfonts_algar1&#8243; align_tablet=\u00bbcenter\u00bb align_phone=\u00bb\u00bb align_last_edited=\u00bbon|desktop\u00bb _builder_version=\u00bb4.5.2&#8243; custom_margin=\u00bb|||\u00bb custom_padding=\u00bb|||\u00bb][\/et_pb_image][\/et_pb_column][\/et_pb_row][\/et_pb_section][et_pb_section fb_built=\u00bb1&#8243; _builder_version=\u00bb3.22&#8243;][et_pb_row _builder_version=\u00bb3.25&#8243;][et_pb_column type=\u00bb4_4&#8243; _builder_version=\u00bb3.25&#8243; custom_padding=\u00bb|||\u00bb custom_padding__hover=\u00bb|||\u00bb][et_pb_text _builder_version=\u00bb4.7.4&#8243; hover_enabled=\u00bb0&#8243; sticky_enabled=\u00bb0&#8243;]<\/p>\n<p class=\"p1\">\n<p><span style=\"font-weight: 400;\">Y la pregunta que te har\u00e1s ahora es\u00a0<\/span><b>\u00bfhay que pagar para poder disfrutar de este paraje natural alicantino?<\/b><span style=\"font-weight: 400;\">\u00a0S\u00ed hay que pagar, pero el precio es bastante asequible, con peque\u00f1as variaciones en la temporada estival.<\/span><\/p>\n<p><span style=\"font-weight: 400;\">Compartimos contigo los precios del recinto seg\u00fan la temporada.<\/span><\/p>\n<p><span style=\"font-weight: 400;\">Precio entrada al paraje natural desde el 15 de junio hasta el 15 de octubre:<\/span><\/p>\n<ul>\n<li style=\"font-weight: 400;\" aria-level=\"1\"><span style=\"font-weight: 400;\">Adulto: 5\u20ac<\/span><\/li>\n<li style=\"font-weight: 400;\" aria-level=\"1\"><span style=\"font-weight: 400;\">Mayores de 65 a\u00f1os (presentando DNI): 4\u20ac<\/span><\/li>\n<li style=\"font-weight: 400;\" aria-level=\"1\"><span style=\"font-weight: 400;\">Con carnet joven: 4\u20ac<\/span><\/li>\n<li style=\"font-weight: 400;\" aria-level=\"1\"><span style=\"font-weight: 400;\">Ni\u00f1os hasta 10 a\u00f1os: 2\u20ac<\/span><\/li>\n<li style=\"font-weight: 400;\" aria-level=\"1\"><span style=\"font-weight: 400;\">Ni\u00f1os hasta 3 a\u00f1os: GRATIS<\/span><\/li>\n<li style=\"font-weight: 400;\" aria-level=\"1\"><span style=\"font-weight: 400;\">Grupo de adultos (m\u00edn. 20): 4\u20ac<\/span><\/li>\n<li style=\"font-weight: 400;\" aria-level=\"1\"><span style=\"font-weight: 400;\">Grupo ni\u00f1os (m\u00edn. 20): 1,50\u20ac<\/span><\/li>\n<\/ul>\n<p><span style=\"font-weight: 400;\">Precio entrada al paraje natural del 16 de octubre al 14 de junio:<\/span><\/p>\n<ul>\n<li style=\"font-weight: 400;\" aria-level=\"1\"><span style=\"font-weight: 400;\">Adulto: 4\u20ac<\/span><\/li>\n<li style=\"font-weight: 400;\" aria-level=\"1\"><span style=\"font-weight: 400;\">Mayores de 65 a\u00f1os (presentando DNI): 3\u20ac<\/span><\/li>\n<li style=\"font-weight: 400;\" aria-level=\"1\"><span style=\"font-weight: 400;\">Con carnet joven: 3\u20ac<\/span><\/li>\n<li style=\"font-weight: 400;\" aria-level=\"1\"><span style=\"font-weight: 400;\">Ni\u00f1os hasta 10 a\u00f1os: 2\u20ac<\/span><\/li>\n<li style=\"font-weight: 400;\" aria-level=\"1\"><span style=\"font-weight: 400;\">Ni\u00f1os hasta 3 a\u00f1os: GRATIS<\/span><\/li>\n<li style=\"font-weight: 400;\" aria-level=\"1\"><span style=\"font-weight: 400;\">Grupo adultos (m\u00edn. 20): 3\u20ac<\/span><\/li>\n<li style=\"font-weight: 400;\" aria-level=\"1\"><span style=\"font-weight: 400;\">Grupo ni\u00f1os (m\u00edn. 20): 1,50\u20ac<\/span><\/li>\n<\/ul>\n<p class=\"p1\">\n<p><span style=\"font-weight: 400;\">En cualquier caso, te recomendamos acceder a<\/span> <a href=\"https:\/\/lasfuentesdelalgar.com\/ticket\/\">la p\u00e1gina oficial de Les Fons d\u00b4Algar<\/a> para confirmar los precios y el horario.<\/p>\n<p><span style=\"font-weight: 400;\">Si te gusta la naturaleza, es un lugar precioso para pasar el d\u00eda en familia, con amigos o contigo mismo porque no te dejar\u00e1 indiferente. \u00bfTe apetece un ba\u00f1o refrescante mientras disfrutas en pleno paraje natural? \u00a1No te lo pierdas!<\/span><\/p>\n<p>[\/et_pb_text][\/et_pb_column][\/et_pb_row][\/et_pb_section]<\/p>\n","protected":false},"excerpt":{"rendered":"<p>Les Fonts d\u2019Algar Las Piscinas Naturales de Las Fuentes del Algar\u00a0de Callos d&#8217;en SarriaLAS HERMOSAS CASCADAS DE LES FONTS DE L&#8217;ALGAR CON SUS PISCINAS NATURALES Muy cerca de T\u00e1rbena se encuentran las hermosas cascadas de Les Fonts de l\u2019Algar con su piscinas naturales, justo en el interior del bonito pueblo de Callosa d\u00b4en Sarri\u00e0. A [&hellip;]<\/p>\n","protected":false},"author":3,"featured_media":0,"parent":0,"menu_order":0,"comment_status":"closed","ping_status":"closed","template":"","meta":{"_et_pb_use_builder":"on","_et_pb_old_content":"","_et_gb_content_width":"","_monsterinsights_skip_tracking":false,"_monsterinsights_sitenote_active":false,"_monsterinsights_sitenote_note":"","_monsterinsights_sitenote_category":0,"ngg_post_thumbnail":0,"footnotes":""},"class_list":["post-7623","page","type-page","status-publish","hentry"],"yoast_head":"<!-- This site is optimized with the Yoast SEO plugin v27.5 - https:\/\/yoast.com\/product\/yoast-seo-wordpress\/ -->\n<title>Les Fonts d\u2019Algar - Casa Rural Can Elisa<\/title>\n<meta name=\"description\" content=\"Se encuentran las hermosas cascadas de Les Fonts de l&#039;Algar con su piscinas naturales, justo en el interior del bonito pueblo de Callosa d\u00b4en Sarri\u00e0.\" \/>\n<meta name=\"robots\" content=\"index, follow, max-snippet:-1, max-image-preview:large, max-video-preview:-1\" \/>\n<link rel=\"canonical\" href=\"https:\/\/www.canelisa.com\/es\/les-fonts-d-algar\/\" \/>\n<meta property=\"og:locale\" content=\"es_ES\" \/>\n<meta property=\"og:type\" content=\"article\" \/>\n<meta property=\"og:title\" content=\"Les Fonts d\u2019Algar - Casa Rural Can Elisa\" \/>\n<meta property=\"og:description\" content=\"Se encuentran las hermosas cascadas de Les Fonts de l&#039;Algar con su piscinas naturales, justo en el interior del bonito pueblo de Callosa d\u00b4en Sarri\u00e0.\" \/>\n<meta property=\"og:url\" content=\"https:\/\/www.canelisa.com\/es\/les-fonts-d-algar\/\" \/>\n<meta property=\"og:site_name\" content=\"Casa Rural Can Elisa\" \/>\n<meta property=\"article:publisher\" content=\"https:\/\/www.facebook.com\/canelisatarbena\/\" \/>\n<meta property=\"article:modified_time\" content=\"2020-12-16T19:09:11+00:00\" \/>\n<meta name=\"twitter:card\" content=\"summary_large_image\" \/>\n<meta name=\"twitter:label1\" content=\"Tiempo de lectura\" \/>\n\t<meta name=\"twitter:data1\" content=\"5 minutos\" \/>\n<script type=\"application\/ld+json\" class=\"yoast-schema-graph\">{\"@context\":\"https:\\\/\\\/schema.org\",\"@graph\":[{\"@type\":\"WebPage\",\"@id\":\"https:\\\/\\\/www.canelisa.com\\\/es\\\/les-fonts-d-algar\\\/\",\"url\":\"https:\\\/\\\/www.canelisa.com\\\/es\\\/les-fonts-d-algar\\\/\",\"name\":\"Les Fonts d\u2019Algar - Casa Rural Can Elisa\",\"isPartOf\":{\"@id\":\"https:\\\/\\\/www.canelisa.com\\\/es\\\/#website\"},\"datePublished\":\"2020-08-01T17:03:48+00:00\",\"dateModified\":\"2020-12-16T19:09:11+00:00\",\"description\":\"Se encuentran las hermosas cascadas de Les Fonts de l'Algar con su piscinas naturales, justo en el interior del bonito pueblo de Callosa d\u00b4en Sarri\u00e0.\",\"breadcrumb\":{\"@id\":\"https:\\\/\\\/www.canelisa.com\\\/es\\\/les-fonts-d-algar\\\/#breadcrumb\"},\"inLanguage\":\"es\",\"potentialAction\":[{\"@type\":\"ReadAction\",\"target\":[\"https:\\\/\\\/www.canelisa.com\\\/es\\\/les-fonts-d-algar\\\/\"]}]},{\"@type\":\"BreadcrumbList\",\"@id\":\"https:\\\/\\\/www.canelisa.com\\\/es\\\/les-fonts-d-algar\\\/#breadcrumb\",\"itemListElement\":[{\"@type\":\"ListItem\",\"position\":1,\"name\":\"Home\",\"item\":\"https:\\\/\\\/www.canelisa.com\\\/es\\\/\"},{\"@type\":\"ListItem\",\"position\":2,\"name\":\"Les Fonts d\u2019Algar\"}]},{\"@type\":\"WebSite\",\"@id\":\"https:\\\/\\\/www.canelisa.com\\\/es\\\/#website\",\"url\":\"https:\\\/\\\/www.canelisa.com\\\/es\\\/\",\"name\":\"Casa Rural Can Elisa\",\"description\":\"Vakantie aan de Costa Blanca\",\"potentialAction\":[{\"@type\":\"SearchAction\",\"target\":{\"@type\":\"EntryPoint\",\"urlTemplate\":\"https:\\\/\\\/www.canelisa.com\\\/es\\\/?s={search_term_string}\"},\"query-input\":{\"@type\":\"PropertyValueSpecification\",\"valueRequired\":true,\"valueName\":\"search_term_string\"}}],\"inLanguage\":\"es\"}]}<\/script>\n<!-- \/ Yoast SEO plugin. -->","yoast_head_json":{"title":"Les Fonts d\u2019Algar - Casa Rural Can Elisa","description":"Se encuentran las hermosas cascadas de Les Fonts de l'Algar con su piscinas naturales, justo en el interior del bonito pueblo de Callosa d\u00b4en Sarri\u00e0.","robots":{"index":"index","follow":"follow","max-snippet":"max-snippet:-1","max-image-preview":"max-image-preview:large","max-video-preview":"max-video-preview:-1"},"canonical":"https:\/\/www.canelisa.com\/es\/les-fonts-d-algar\/","og_locale":"es_ES","og_type":"article","og_title":"Les Fonts d\u2019Algar - Casa Rural Can Elisa","og_description":"Se encuentran las hermosas cascadas de Les Fonts de l'Algar con su piscinas naturales, justo en el interior del bonito pueblo de Callosa d\u00b4en Sarri\u00e0.","og_url":"https:\/\/www.canelisa.com\/es\/les-fonts-d-algar\/","og_site_name":"Casa Rural Can Elisa","article_publisher":"https:\/\/www.facebook.com\/canelisatarbena\/","article_modified_time":"2020-12-16T19:09:11+00:00","twitter_card":"summary_large_image","twitter_misc":{"Tiempo de lectura":"5 minutos"},"schema":{"@context":"https:\/\/schema.org","@graph":[{"@type":"WebPage","@id":"https:\/\/www.canelisa.com\/es\/les-fonts-d-algar\/","url":"https:\/\/www.canelisa.com\/es\/les-fonts-d-algar\/","name":"Les Fonts d\u2019Algar - Casa Rural Can Elisa","isPartOf":{"@id":"https:\/\/www.canelisa.com\/es\/#website"},"datePublished":"2020-08-01T17:03:48+00:00","dateModified":"2020-12-16T19:09:11+00:00","description":"Se encuentran las hermosas cascadas de Les Fonts de l'Algar con su piscinas naturales, justo en el interior del bonito pueblo de Callosa d\u00b4en Sarri\u00e0.","breadcrumb":{"@id":"https:\/\/www.canelisa.com\/es\/les-fonts-d-algar\/#breadcrumb"},"inLanguage":"es","potentialAction":[{"@type":"ReadAction","target":["https:\/\/www.canelisa.com\/es\/les-fonts-d-algar\/"]}]},{"@type":"BreadcrumbList","@id":"https:\/\/www.canelisa.com\/es\/les-fonts-d-algar\/#breadcrumb","itemListElement":[{"@type":"ListItem","position":1,"name":"Home","item":"https:\/\/www.canelisa.com\/es\/"},{"@type":"ListItem","position":2,"name":"Les Fonts d\u2019Algar"}]},{"@type":"WebSite","@id":"https:\/\/www.canelisa.com\/es\/#website","url":"https:\/\/www.canelisa.com\/es\/","name":"Casa Rural Can Elisa","description":"Vakantie aan de Costa Blanca","potentialAction":[{"@type":"SearchAction","target":{"@type":"EntryPoint","urlTemplate":"https:\/\/www.canelisa.com\/es\/?s={search_term_string}"},"query-input":{"@type":"PropertyValueSpecification","valueRequired":true,"valueName":"search_term_string"}}],"inLanguage":"es"}]}},"_links":{"self":[{"href":"https:\/\/www.canelisa.com\/es\/wp-json\/wp\/v2\/pages\/7623","targetHints":{"allow":["GET"]}}],"collection":[{"href":"https:\/\/www.canelisa.com\/es\/wp-json\/wp\/v2\/pages"}],"about":[{"href":"https:\/\/www.canelisa.com\/es\/wp-json\/wp\/v2\/types\/page"}],"author":[{"embeddable":true,"href":"https:\/\/www.canelisa.com\/es\/wp-json\/wp\/v2\/users\/3"}],"replies":[{"embeddable":true,"href":"https:\/\/www.canelisa.com\/es\/wp-json\/wp\/v2\/comments?post=7623"}],"version-history":[{"count":1,"href":"https:\/\/www.canelisa.com\/es\/wp-json\/wp\/v2\/pages\/7623\/revisions"}],"predecessor-version":[{"id":8197,"href":"https:\/\/www.canelisa.com\/es\/wp-json\/wp\/v2\/pages\/7623\/revisions\/8197"}],"wp:attachment":[{"href":"https:\/\/www.canelisa.com\/es\/wp-json\/wp\/v2\/media?parent=7623"}],"curies":[{"name":"wp","href":"https:\/\/api.w.org\/{rel}","templated":true}]}}