{"id":8721,"date":"2021-04-15T15:00:03","date_gmt":"2021-04-15T13:00:03","guid":{"rendered":"https:\/\/www.canelisa.com\/?page_id=8721"},"modified":"2024-01-10T09:57:20","modified_gmt":"2024-01-10T08:57:20","slug":"masaje-wellness","status":"publish","type":"page","link":"https:\/\/www.canelisa.com\/es\/masaje-wellness\/","title":{"rendered":"Masaje Wellness"},"content":{"rendered":"<p>[et_pb_section fb_built=\u00bb1&#8243; _builder_version=\u00bb4.16&#8243; background_image=\u00bbhttps:\/\/www.canelisa.com\/wp-content\/uploads\/2021\/08\/IMG_1165-scaled.jpg\u00bb background_blend=\u00bbmultiply\u00bb width=\u00bb100%\u00bb max_width_tablet=\u00bb\u00bb max_width_phone=\u00bb\u00bb max_width_last_edited=\u00bbon|desktop\u00bb min_height=\u00bb559px\u00bb custom_margin=\u00bb||0px||false|false\u00bb custom_padding=\u00bb60px|0px|60px|0px\u00bb background_last_edited=\u00bbon|phone\u00bb background_image_tablet=\u00bbhttps:\/\/www.canelisa.com\/wp-content\/uploads\/2021\/08\/Foto-1-8-21-11-30-20-scaled.jpg\u00bb background_image_phone=\u00bbhttps:\/\/www.canelisa.com\/wp-content\/uploads\/2021\/08\/Foto-1-8-21-11-30-20-scaled.jpg\u00bb background_enable_image_tablet=\u00bbon\u00bb background_enable_image_phone=\u00bbon\u00bb global_colors_info=\u00bb{}\u00bb][et_pb_row _builder_version=\u00bb4.16&#8243; background_size=\u00bbinitial\u00bb background_position=\u00bbtop_left\u00bb background_repeat=\u00bbrepeat\u00bb custom_padding=\u00bb99px|0px|100px|0px\u00bb global_colors_info=\u00bb{}\u00bb][et_pb_column type=\u00bb4_4&#8243; _builder_version=\u00bb4.16&#8243; custom_padding=\u00bb|||\u00bb global_colors_info=\u00bb{}\u00bb custom_padding__hover=\u00bb|||\u00bb][et_pb_text _builder_version=\u00bb4.16&#8243; text_font=\u00bb|700|||||||\u00bb text_font_size=\u00bb22px\u00bb header_font=\u00bb|700||on|||||\u00bb header_font_size=\u00bb40px\u00bb header_line_height=\u00bb1.4em\u00bb text_orientation=\u00bbcenter\u00bb background_layout=\u00bbdark\u00bb text_text_shadow_style=\u00bbpreset1&#8243; global_colors_info=\u00bb{}\u00bb]<\/p>\n<h1 style=\"text-align: center;\">Disfruta de un masaje<\/h1>\n<h1 style=\"text-align: center;\"><span style=\"font-size: 16px;\">reg\u00e1late un masaje, reserva un masaje durante tu estancia en casa rural Can Elisa.<\/span><\/h1>\n<p>[\/et_pb_text][\/et_pb_column][\/et_pb_row][\/et_pb_section][et_pb_section fb_built=\u00bb1&#8243; _builder_version=\u00bb4.16&#8243; use_background_color_gradient=\u00bbon\u00bb background_color_gradient_stops=\u00bbrgba(0,0,0,0.07) 0%|#ffffff 39%\u00bb background_color_gradient_start=\u00bbrgba(0,0,0,0.07)\u00bb background_color_gradient_end=\u00bb#ffffff\u00bb background_color_gradient_end_position=\u00bb39%\u00bb min_height=\u00bb997px\u00bb global_colors_info=\u00bb{}\u00bb][et_pb_row _builder_version=\u00bb4.16&#8243; background_size=\u00bbinitial\u00bb background_position=\u00bbtop_left\u00bb background_repeat=\u00bbrepeat\u00bb global_colors_info=\u00bb{}\u00bb][et_pb_column type=\u00bb4_4&#8243; _builder_version=\u00bb4.16&#8243; custom_padding=\u00bb|||\u00bb global_colors_info=\u00bb{}\u00bb custom_padding__hover=\u00bb|||\u00bb][et_pb_text _builder_version=\u00bb4.16&#8243; global_colors_info=\u00bb{}\u00bb]<\/p>\n<h1 style=\"text-align: center;\">DISFRUTA DE UN MASAJE<\/h1>\n<p>[\/et_pb_text][\/et_pb_column][\/et_pb_row][et_pb_row column_structure=\u00bb1_2,1_2&#8243; _builder_version=\u00bb4.16&#8243; global_colors_info=\u00bb{}\u00bb][et_pb_column type=\u00bb1_2&#8243; _builder_version=\u00bb4.16&#8243; custom_padding=\u00bb|||\u00bb global_colors_info=\u00bb{}\u00bb custom_padding__hover=\u00bb|||\u00bb][et_pb_text _builder_version=\u00bb4.16&#8243; global_colors_info=\u00bb{}\u00bb]<\/p>\n<p>Desconectar de la rutina diaria, disfrutar de la naturaleza y relajarse son los valores fundamentales de casa rural Can Elisa T\u00e0rbena.<\/p>\n<p>Para desconectar por completo, existe la posibilidad de reservar un masaje durante su estancia en Can Elisa. El masaje se realizar\u00e1 en su alojamiento o en la terraza del alojamiento.<\/p>\n<p>\u00a1M\u00edmate y reserva un masaje!<\/p>\n<p>Con Patricia, la masajista hablas sobre lo que es mejor para ti, un masaje sueco cl\u00e1sico, profundo, deportivo o un masaje de puntos dolorosos. Por supuesto, es posible una combinaci\u00f3n de t\u00e9cnicas.<\/p>\n<p><strong>Masaje sueco (cl\u00e1sico)<\/strong><br \/>Un masaje sueco utiliza aceite o loci\u00f3n sobre la piel desnuda. Un masaje sueco consiste en una combinaci\u00f3n de suaves movimientos de caricias, calentando y aflojando los m\u00fasculos y aplicando presi\u00f3n en lugares estrat\u00e9gicos.<\/p>\n<p><strong>Masaje profundo<\/strong><br \/>Cuando sus m\u00fasculos est\u00e1n contra\u00eddos, la circulaci\u00f3n de ox\u00edgeno y sangre se bloquea localmente. Un masaje de tejido profundo asegura que la energ\u00eda pueda fluir libremente nuevamente. Masajeando cada bloqueo y tensi\u00f3n.<\/p>\n<p><strong>Masaje deportivo<\/strong><br \/>Un masaje deportivo es un masaje que tiene como principal objetivo la recuperaci\u00f3n del cuerpo tras una actuaci\u00f3n deportiva. Por este motivo, un masaje deportivo tiene como objetivo eliminar los productos de desecho y aportar materiales de construcci\u00f3n a los m\u00fasculos.<\/p>\n<p><strong>Masaje de puntos de dolor<\/strong><br \/>Este tipo de masaje se enfoca en eliminar el dolor y la tensi\u00f3n.<\/p>\n<p>[\/et_pb_text][\/et_pb_column][et_pb_column type=\u00bb1_2&#8243; _builder_version=\u00bb4.16&#8243; custom_padding=\u00bb|||\u00bb global_colors_info=\u00bb{}\u00bb custom_padding__hover=\u00bb|||\u00bb][et_pb_text module_class=\u00bbtable-opsomming\u00bb _builder_version=\u00bb4.16&#8243; min_height=\u00bb333px\u00bb global_colors_info=\u00bb{}\u00bb]<\/p>\n<table>\n<tbody>\n<tr>\n<td><strong> Precios <\/strong><\/td>\n<td><\/td>\n<\/tr>\n<tr>\n<td>Duraci\u00f3n del masaje:<\/td>\n<td><strong> 1 x 30 minutos <span> \u20ac 25 <\/span> <\/strong><\/td>\n<\/tr>\n<tr>\n<td>Duraci\u00f3n del masaje:<\/td>\n<td><strong> 2 x 30 minutos (pareja) <span> \u20ac 45<\/span><\/strong><\/td>\n<\/tr>\n<tr>\n<td>Duraci\u00f3n del masaje:<\/td>\n<td><strong> 1 x 1 hora <span> \u20ac 45<\/span><\/strong><\/td>\n<\/tr>\n<tr>\n<td>Duraci\u00f3n del masaje:<\/td>\n<td><strong> 2 x 1 hora (pareja) <span> \u20ac 80<\/span><\/strong><\/td>\n<\/tr>\n<tr>\n<td><strong> Concierte una cita <\/strong><\/td>\n<td><\/td>\n<\/tr>\n<tr>\n<td>D\u00edas y horarios:<\/td>\n<td><b> En consulta \/ con cita previa <\/b><\/td>\n<\/tr>\n<tr>\n<td>Concierte una cita:<\/td>\n<td>\n<p><strong> Env\u00eda a nuestra masajista Patricia un <br \/><\/strong> <strong style=\"font-size: 14px;\"> WhatsApp o llamarla 0034 627660660 <\/strong><\/p>\n<\/td>\n<\/tr>\n<\/tbody>\n<\/table>\n<p>[\/et_pb_text][et_pb_button button_url=\u00bbhttps:\/\/wa.me\/34627660660&#8243; url_new_window=\u00bbon\u00bb button_text=\u00bbWhatsApp Patricia\u00bb _builder_version=\u00bb4.16&#8243; _module_preset=\u00bbdefault\u00bb custom_button=\u00bbon\u00bb button_text_size=\u00bb16px\u00bb button_text_color=\u00bb#ffffff\u00bb button_bg_color=\u00bb#25D366&#8243; background_layout=\u00bbdark\u00bb global_colors_info=\u00bb{}\u00bb][\/et_pb_button][\/et_pb_column][\/et_pb_row][\/et_pb_section][et_pb_section fb_built=\u00bb1&#8243; _builder_version=\u00bb4.16&#8243; background_color=\u00bbrgba(0,0,0,0.22)\u00bb background_image=\u00bbhttps:\/\/www.canelisa.com\/wp-content\/uploads\/2015\/10\/parallax.jpg\u00bb background_blend=\u00bbmultiply\u00bb custom_padding=\u00bb60px|0px|60px|0px\u00bb global_colors_info=\u00bb{}\u00bb][et_pb_row _builder_version=\u00bb4.16&#8243; background_size=\u00bbinitial\u00bb background_position=\u00bbtop_left\u00bb background_repeat=\u00bbrepeat\u00bb custom_padding=\u00bb99px|0px|100px|0px\u00bb global_colors_info=\u00bb{}\u00bb][et_pb_column type=\u00bb4_4&#8243; _builder_version=\u00bb4.16&#8243; custom_padding=\u00bb|||\u00bb global_colors_info=\u00bb{}\u00bb custom_padding__hover=\u00bb|||\u00bb][et_pb_text _builder_version=\u00bb4.16&#8243; text_font=\u00bb|700|||||||\u00bb text_font_size=\u00bb22px\u00bb header_font=\u00bb|700||on|||||\u00bb header_font_size=\u00bb40px\u00bb header_line_height=\u00bb1.4em\u00bb text_orientation=\u00bbcenter\u00bb background_layout=\u00bbdark\u00bb text_text_shadow_style=\u00bbpreset1&#8243; global_colors_info=\u00bb{}\u00bb]<\/p>\n<h1 style=\"text-align: center;\">Can Elisa: un oasis de calma &amp; naturaleza en T\u00e0rbena<\/h1>\n<p style=\"text-align: center;\">\u00bfInteresado? \u00bfUna pregunta? No dude en contactarnos, estaremos encantados de ayudarle.<\/p>\n<p>[\/et_pb_text][\/et_pb_column][\/et_pb_row][et_pb_row _builder_version=\u00bb4.16&#8243; global_colors_info=\u00bb{}\u00bb][et_pb_column type=\u00bb4_4&#8243; _builder_version=\u00bb4.16&#8243; custom_padding=\u00bb|||\u00bb global_colors_info=\u00bb{}\u00bb custom_padding__hover=\u00bb|||\u00bb][et_pb_button button_url=\u00bbmailto:info@canelisa.com\u00bb button_text=\u00bbMail Can Elisa | Linda y Jasper\u00bb button_alignment=\u00bbcenter\u00bb _builder_version=\u00bb4.16&#8243; custom_button=\u00bbon\u00bb button_text_size=\u00bb15&#8243; button_text_color=\u00bb#ffffff\u00bb button_border_color=\u00bb#ffffff\u00bb button_font=\u00bb||||||||\u00bb global_colors_info=\u00bb{}\u00bb button_text_size__hover_enabled=\u00bboff\u00bb button_one_text_size__hover_enabled=\u00bboff\u00bb button_two_text_size__hover_enabled=\u00bboff\u00bb button_text_color__hover_enabled=\u00bboff\u00bb button_one_text_color__hover_enabled=\u00bboff\u00bb button_two_text_color__hover_enabled=\u00bboff\u00bb button_border_width__hover_enabled=\u00bboff\u00bb button_one_border_width__hover_enabled=\u00bboff\u00bb button_two_border_width__hover_enabled=\u00bboff\u00bb button_border_color__hover_enabled=\u00bboff\u00bb button_one_border_color__hover_enabled=\u00bboff\u00bb button_two_border_color__hover_enabled=\u00bboff\u00bb button_border_radius__hover_enabled=\u00bboff\u00bb button_one_border_radius__hover_enabled=\u00bboff\u00bb button_two_border_radius__hover_enabled=\u00bboff\u00bb button_letter_spacing__hover_enabled=\u00bboff\u00bb button_one_letter_spacing__hover_enabled=\u00bboff\u00bb button_two_letter_spacing__hover_enabled=\u00bboff\u00bb button_bg_color__hover_enabled=\u00bboff\u00bb button_one_bg_color__hover_enabled=\u00bboff\u00bb button_two_bg_color__hover_enabled=\u00bboff\u00bb][\/et_pb_button][\/et_pb_column][\/et_pb_row][\/et_pb_section]<\/p>\n","protected":false},"excerpt":{"rendered":"<p>Disfruta de un masaje reg\u00e1late un masaje, reserva un masaje durante tu estancia en casa rural Can Elisa.DISFRUTA DE UN MASAJEDesconectar de la rutina diaria, disfrutar de la naturaleza y relajarse son los valores fundamentales de casa rural Can Elisa T\u00e0rbena. Para desconectar por completo, existe la posibilidad de reservar un masaje durante su estancia [&hellip;]<\/p>\n","protected":false},"author":2,"featured_media":0,"parent":0,"menu_order":0,"comment_status":"closed","ping_status":"closed","template":"","meta":{"_et_pb_use_builder":"on","_et_pb_old_content":"","_et_gb_content_width":"","_monsterinsights_skip_tracking":false,"_monsterinsights_sitenote_active":false,"_monsterinsights_sitenote_note":"","_monsterinsights_sitenote_category":0,"ngg_post_thumbnail":0,"footnotes":""},"class_list":["post-8721","page","type-page","status-publish","hentry"],"yoast_head":"<!-- This site is optimized with the Yoast SEO plugin v27.5 - https:\/\/yoast.com\/product\/yoast-seo-wordpress\/ -->\n<title>Masaje Wellness - Casa Rural Can Elisa<\/title>\n<meta name=\"description\" content=\"Para relajarse por completo, existe la posibilidad de reservar un masaje durante su estancia en Can Elisa. M\u00edmate y reserva un masaje, con la masajista podr\u00e1s comentar qu\u00e9 es lo mejor para ti, un masaje sueco cl\u00e1sico, profundo, deportivo o un masaje de puntos dolorosos. Por supuesto, es posible una combinaci\u00f3n de t\u00e9cnicas.\" \/>\n<meta name=\"robots\" content=\"index, follow, max-snippet:-1, max-image-preview:large, max-video-preview:-1\" \/>\n<link rel=\"canonical\" href=\"https:\/\/www.canelisa.com\/es\/masaje-wellness\/\" \/>\n<meta property=\"og:locale\" content=\"es_ES\" \/>\n<meta property=\"og:type\" content=\"article\" \/>\n<meta property=\"og:title\" content=\"Masaje Wellness - Casa Rural Can Elisa\" \/>\n<meta property=\"og:description\" content=\"Para relajarse por completo, existe la posibilidad de reservar un masaje durante su estancia en Can Elisa. M\u00edmate y reserva un masaje, con la masajista podr\u00e1s comentar qu\u00e9 es lo mejor para ti, un masaje sueco cl\u00e1sico, profundo, deportivo o un masaje de puntos dolorosos. Por supuesto, es posible una combinaci\u00f3n de t\u00e9cnicas.\" \/>\n<meta property=\"og:url\" content=\"https:\/\/www.canelisa.com\/es\/masaje-wellness\/\" \/>\n<meta property=\"og:site_name\" content=\"Casa Rural Can Elisa\" \/>\n<meta property=\"article:publisher\" content=\"https:\/\/www.facebook.com\/canelisatarbena\/\" \/>\n<meta property=\"article:modified_time\" content=\"2024-01-10T08:57:20+00:00\" \/>\n<meta name=\"twitter:card\" content=\"summary_large_image\" \/>\n<meta name=\"twitter:label1\" content=\"Tiempo de lectura\" \/>\n\t<meta name=\"twitter:data1\" content=\"5 minutos\" \/>\n<script type=\"application\/ld+json\" class=\"yoast-schema-graph\">{\"@context\":\"https:\\\/\\\/schema.org\",\"@graph\":[{\"@type\":\"WebPage\",\"@id\":\"https:\\\/\\\/www.canelisa.com\\\/es\\\/masaje-wellness\\\/\",\"url\":\"https:\\\/\\\/www.canelisa.com\\\/es\\\/masaje-wellness\\\/\",\"name\":\"Masaje Wellness - Casa Rural Can Elisa\",\"isPartOf\":{\"@id\":\"https:\\\/\\\/www.canelisa.com\\\/es\\\/#website\"},\"datePublished\":\"2021-04-15T13:00:03+00:00\",\"dateModified\":\"2024-01-10T08:57:20+00:00\",\"description\":\"Para relajarse por completo, existe la posibilidad de reservar un masaje durante su estancia en Can Elisa. M\u00edmate y reserva un masaje, con la masajista podr\u00e1s comentar qu\u00e9 es lo mejor para ti, un masaje sueco cl\u00e1sico, profundo, deportivo o un masaje de puntos dolorosos. Por supuesto, es posible una combinaci\u00f3n de t\u00e9cnicas.\",\"breadcrumb\":{\"@id\":\"https:\\\/\\\/www.canelisa.com\\\/es\\\/masaje-wellness\\\/#breadcrumb\"},\"inLanguage\":\"es\",\"potentialAction\":[{\"@type\":\"ReadAction\",\"target\":[\"https:\\\/\\\/www.canelisa.com\\\/es\\\/masaje-wellness\\\/\"]}]},{\"@type\":\"BreadcrumbList\",\"@id\":\"https:\\\/\\\/www.canelisa.com\\\/es\\\/masaje-wellness\\\/#breadcrumb\",\"itemListElement\":[{\"@type\":\"ListItem\",\"position\":1,\"name\":\"Home\",\"item\":\"https:\\\/\\\/www.canelisa.com\\\/es\\\/\"},{\"@type\":\"ListItem\",\"position\":2,\"name\":\"Masaje Wellness\"}]},{\"@type\":\"WebSite\",\"@id\":\"https:\\\/\\\/www.canelisa.com\\\/es\\\/#website\",\"url\":\"https:\\\/\\\/www.canelisa.com\\\/es\\\/\",\"name\":\"Casa Rural Can Elisa\",\"description\":\"Vakantie aan de Costa Blanca\",\"potentialAction\":[{\"@type\":\"SearchAction\",\"target\":{\"@type\":\"EntryPoint\",\"urlTemplate\":\"https:\\\/\\\/www.canelisa.com\\\/es\\\/?s={search_term_string}\"},\"query-input\":{\"@type\":\"PropertyValueSpecification\",\"valueRequired\":true,\"valueName\":\"search_term_string\"}}],\"inLanguage\":\"es\"}]}<\/script>\n<!-- \/ Yoast SEO plugin. -->","yoast_head_json":{"title":"Masaje Wellness - Casa Rural Can Elisa","description":"Para relajarse por completo, existe la posibilidad de reservar un masaje durante su estancia en Can Elisa. M\u00edmate y reserva un masaje, con la masajista podr\u00e1s comentar qu\u00e9 es lo mejor para ti, un masaje sueco cl\u00e1sico, profundo, deportivo o un masaje de puntos dolorosos. Por supuesto, es posible una combinaci\u00f3n de t\u00e9cnicas.","robots":{"index":"index","follow":"follow","max-snippet":"max-snippet:-1","max-image-preview":"max-image-preview:large","max-video-preview":"max-video-preview:-1"},"canonical":"https:\/\/www.canelisa.com\/es\/masaje-wellness\/","og_locale":"es_ES","og_type":"article","og_title":"Masaje Wellness - Casa Rural Can Elisa","og_description":"Para relajarse por completo, existe la posibilidad de reservar un masaje durante su estancia en Can Elisa. M\u00edmate y reserva un masaje, con la masajista podr\u00e1s comentar qu\u00e9 es lo mejor para ti, un masaje sueco cl\u00e1sico, profundo, deportivo o un masaje de puntos dolorosos. Por supuesto, es posible una combinaci\u00f3n de t\u00e9cnicas.","og_url":"https:\/\/www.canelisa.com\/es\/masaje-wellness\/","og_site_name":"Casa Rural Can Elisa","article_publisher":"https:\/\/www.facebook.com\/canelisatarbena\/","article_modified_time":"2024-01-10T08:57:20+00:00","twitter_card":"summary_large_image","twitter_misc":{"Tiempo de lectura":"5 minutos"},"schema":{"@context":"https:\/\/schema.org","@graph":[{"@type":"WebPage","@id":"https:\/\/www.canelisa.com\/es\/masaje-wellness\/","url":"https:\/\/www.canelisa.com\/es\/masaje-wellness\/","name":"Masaje Wellness - Casa Rural Can Elisa","isPartOf":{"@id":"https:\/\/www.canelisa.com\/es\/#website"},"datePublished":"2021-04-15T13:00:03+00:00","dateModified":"2024-01-10T08:57:20+00:00","description":"Para relajarse por completo, existe la posibilidad de reservar un masaje durante su estancia en Can Elisa. M\u00edmate y reserva un masaje, con la masajista podr\u00e1s comentar qu\u00e9 es lo mejor para ti, un masaje sueco cl\u00e1sico, profundo, deportivo o un masaje de puntos dolorosos. Por supuesto, es posible una combinaci\u00f3n de t\u00e9cnicas.","breadcrumb":{"@id":"https:\/\/www.canelisa.com\/es\/masaje-wellness\/#breadcrumb"},"inLanguage":"es","potentialAction":[{"@type":"ReadAction","target":["https:\/\/www.canelisa.com\/es\/masaje-wellness\/"]}]},{"@type":"BreadcrumbList","@id":"https:\/\/www.canelisa.com\/es\/masaje-wellness\/#breadcrumb","itemListElement":[{"@type":"ListItem","position":1,"name":"Home","item":"https:\/\/www.canelisa.com\/es\/"},{"@type":"ListItem","position":2,"name":"Masaje Wellness"}]},{"@type":"WebSite","@id":"https:\/\/www.canelisa.com\/es\/#website","url":"https:\/\/www.canelisa.com\/es\/","name":"Casa Rural Can Elisa","description":"Vakantie aan de Costa Blanca","potentialAction":[{"@type":"SearchAction","target":{"@type":"EntryPoint","urlTemplate":"https:\/\/www.canelisa.com\/es\/?s={search_term_string}"},"query-input":{"@type":"PropertyValueSpecification","valueRequired":true,"valueName":"search_term_string"}}],"inLanguage":"es"}]}},"_links":{"self":[{"href":"https:\/\/www.canelisa.com\/es\/wp-json\/wp\/v2\/pages\/8721","targetHints":{"allow":["GET"]}}],"collection":[{"href":"https:\/\/www.canelisa.com\/es\/wp-json\/wp\/v2\/pages"}],"about":[{"href":"https:\/\/www.canelisa.com\/es\/wp-json\/wp\/v2\/types\/page"}],"author":[{"embeddable":true,"href":"https:\/\/www.canelisa.com\/es\/wp-json\/wp\/v2\/users\/2"}],"replies":[{"embeddable":true,"href":"https:\/\/www.canelisa.com\/es\/wp-json\/wp\/v2\/comments?post=8721"}],"version-history":[{"count":14,"href":"https:\/\/www.canelisa.com\/es\/wp-json\/wp\/v2\/pages\/8721\/revisions"}],"predecessor-version":[{"id":10845,"href":"https:\/\/www.canelisa.com\/es\/wp-json\/wp\/v2\/pages\/8721\/revisions\/10845"}],"wp:attachment":[{"href":"https:\/\/www.canelisa.com\/es\/wp-json\/wp\/v2\/media?parent=8721"}],"curies":[{"name":"wp","href":"https:\/\/api.w.org\/{rel}","templated":true}]}}